{"id":8875,"date":"2024-04-11T15:24:53","date_gmt":"2024-04-11T18:24:53","guid":{"rendered":"https:\/\/totallubri.com.br\/?post_type=product&#038;p=8875"},"modified":"2024-11-22T17:54:34","modified_gmt":"2024-11-22T20:54:34","slug":"3023w-ar-carretel-automatico","status":"publish","type":"product","link":"https:\/\/totallubri.com.br\/?product=3023w-ar-carretel-automatico","title":{"rendered":"3023W-AR CARRETEL AUTOM\u00c1TICO- LUPUS"},"content":{"rendered":"<p>Em alum\u00ednio, com base simples e retra\u00e7\u00e3o autom\u00e1tica.<\/p>\n<p>Obs: Mangueira, mangote e conex\u00f5es n\u00e3o acompanham o equipamento.<\/p>\n<p>Flu\u00eddo: Arla 32<\/p>\n<p>Peso: 22 Kg<br \/>\nMedidas: (C) 580 mm x (L) 265 mm x (A) 605mm<\/p>\n","protected":false},"excerpt":{"rendered":"<p>Em alum\u00ednio, com base simples e retra\u00e7\u00e3o autom\u00e1tica. Obs: Mangueira, mangote e conex\u00f5es n\u00e3o acompanham o equipamento. Flu\u00eddo: Arla 32 Peso: 22 Kg Medidas: (C) 580 mm x (L) 265 mm x (A) 605mm<\/p>\n","protected":false},"featured_media":8877,"comment_status":"open","ping_status":"closed","template":"","meta":{"_exactmetrics_skip_tracking":false,"_exactmetrics_sitenote_active":false,"_exactmetrics_sitenote_note":"","_exactmetrics_sitenote_category":0},"product_brand":[],"product_cat":[100],"product_tag":[],"class_list":{"0":"post-8875","1":"product","2":"type-product","3":"status-publish","4":"has-post-thumbnail","6":"product_cat-carretel-retratil","8":"first","9":"instock","10":"shipping-taxable","11":"product-type-simple"},"_links":{"self":[{"href":"https:\/\/totallubri.com.br\/index.php?rest_route=\/wp\/v2\/product\/8875","targetHints":{"allow":["GET"]}}],"collection":[{"href":"https:\/\/totallubri.com.br\/index.php?rest_route=\/wp\/v2\/product"}],"about":[{"href":"https:\/\/totallubri.com.br\/index.php?rest_route=\/wp\/v2\/types\/product"}],"replies":[{"embeddable":true,"href":"https:\/\/totallubri.com.br\/index.php?rest_route=%2Fwp%2Fv2%2Fcomments&post=8875"}],"wp:featuredmedia":[{"embeddable":true,"href":"https:\/\/totallubri.com.br\/index.php?rest_route=\/wp\/v2\/media\/8877"}],"wp:attachment":[{"href":"https:\/\/totallubri.com.br\/index.php?rest_route=%2Fwp%2Fv2%2Fmedia&parent=8875"}],"wp:term":[{"taxonomy":"product_brand","embeddable":true,"href":"https:\/\/totallubri.com.br\/index.php?rest_route=%2Fwp%2Fv2%2Fproduct_brand&post=8875"},{"taxonomy":"product_cat","embeddable":true,"href":"https:\/\/totallubri.com.br\/index.php?rest_route=%2Fwp%2Fv2%2Fproduct_cat&post=8875"},{"taxonomy":"product_tag","embeddable":true,"href":"https:\/\/totallubri.com.br\/index.php?rest_route=%2Fwp%2Fv2%2Fproduct_tag&post=8875"}],"curies":[{"name":"wp","href":"https:\/\/api.w.org\/{rel}","templated":true}]}}