{"id":8880,"date":"2024-04-11T15:51:43","date_gmt":"2024-04-11T18:51:43","guid":{"rendered":"https:\/\/totallubri.com.br\/?post_type=product&#038;p=8880"},"modified":"2024-11-22T17:58:22","modified_gmt":"2024-11-22T20:58:22","slug":"3023w-ar10-carretel-automatico","status":"publish","type":"product","link":"https:\/\/totallubri.com.br\/?product=3023w-ar10-carretel-automatico","title":{"rendered":"3023W-AR10 \u2013 CARRETEL AUTOM\u00c1TICO -LUPUS"},"content":{"rendered":"<p>Em alum\u00ednio, com base simples e retra\u00e7\u00e3o autom\u00e1tica. Montado com mangueira de 10m \u00d81\/4\u2033.<\/p>\n<p>Obs: mangote n\u00e3o acompanha o equipamento.<\/p>\n<p>Flu\u00eddo: Arla 32<\/p>\n<p>Peso: 26.06 Kg<br \/>\nMedidas: (C) 640 mm x (L) 320 mm x (A) 70mm<\/p>\n","protected":false},"excerpt":{"rendered":"<p>Em alum\u00ednio, com base simples e retra\u00e7\u00e3o autom\u00e1tica. Montado com mangueira de 10m \u00d81\/4\u2033. Obs: mangote n\u00e3o acompanha o equipamento. Flu\u00eddo: Arla 32 Peso: 26.06 Kg Medidas: (C) 640 mm x (L) 320 mm x (A) 70mm<\/p>\n","protected":false},"featured_media":8877,"comment_status":"open","ping_status":"closed","template":"","meta":{"_exactmetrics_skip_tracking":false,"_exactmetrics_sitenote_active":false,"_exactmetrics_sitenote_note":"","_exactmetrics_sitenote_category":0},"product_brand":[],"product_cat":[100],"product_tag":[],"class_list":{"0":"post-8880","1":"product","2":"type-product","3":"status-publish","4":"has-post-thumbnail","6":"product_cat-carretel-retratil","8":"first","9":"instock","10":"shipping-taxable","11":"product-type-simple"},"_links":{"self":[{"href":"https:\/\/totallubri.com.br\/index.php?rest_route=\/wp\/v2\/product\/8880","targetHints":{"allow":["GET"]}}],"collection":[{"href":"https:\/\/totallubri.com.br\/index.php?rest_route=\/wp\/v2\/product"}],"about":[{"href":"https:\/\/totallubri.com.br\/index.php?rest_route=\/wp\/v2\/types\/product"}],"replies":[{"embeddable":true,"href":"https:\/\/totallubri.com.br\/index.php?rest_route=%2Fwp%2Fv2%2Fcomments&post=8880"}],"wp:featuredmedia":[{"embeddable":true,"href":"https:\/\/totallubri.com.br\/index.php?rest_route=\/wp\/v2\/media\/8877"}],"wp:attachment":[{"href":"https:\/\/totallubri.com.br\/index.php?rest_route=%2Fwp%2Fv2%2Fmedia&parent=8880"}],"wp:term":[{"taxonomy":"product_brand","embeddable":true,"href":"https:\/\/totallubri.com.br\/index.php?rest_route=%2Fwp%2Fv2%2Fproduct_brand&post=8880"},{"taxonomy":"product_cat","embeddable":true,"href":"https:\/\/totallubri.com.br\/index.php?rest_route=%2Fwp%2Fv2%2Fproduct_cat&post=8880"},{"taxonomy":"product_tag","embeddable":true,"href":"https:\/\/totallubri.com.br\/index.php?rest_route=%2Fwp%2Fv2%2Fproduct_tag&post=8880"}],"curies":[{"name":"wp","href":"https:\/\/api.w.org\/{rel}","templated":true}]}}