{"id":8888,"date":"2024-04-11T15:59:58","date_gmt":"2024-04-11T18:59:58","guid":{"rendered":"https:\/\/totallubri.com.br\/?post_type=product&#038;p=8888"},"modified":"2024-11-25T11:30:32","modified_gmt":"2024-11-25T14:30:32","slug":"3094-m10-carretel-automatico-2","status":"publish","type":"product","link":"https:\/\/totallubri.com.br\/?product=3094-m10-carretel-automatico-2","title":{"rendered":"3094-M10 CARRETEL AUTOMATICO-LUPUS"},"content":{"rendered":"<p>Em a\u00e7o inoxid\u00e1vel, com base simples e retra\u00e7\u00e3o autom\u00e1tica. Para Arla 32 e \u00e1gua n\u00e3o pot\u00e1vel. Montado com mangueira.<\/p>\n<p>Peso: 20 kg<br \/>\nMedidas: (C) 490 mm x (L) 200 mm x (A) 490 mm<\/p>\n","protected":false},"excerpt":{"rendered":"<p>Em a\u00e7o inoxid\u00e1vel, com base simples e retra\u00e7\u00e3o autom\u00e1tica. Para Arla 32 e \u00e1gua n\u00e3o pot\u00e1vel. Montado com mangueira. Peso: 20 kg Medidas: (C) 490 mm x (L) 200 mm x (A) 490 mm<\/p>\n","protected":false},"featured_media":8886,"comment_status":"open","ping_status":"closed","template":"","meta":{"_exactmetrics_skip_tracking":false,"_exactmetrics_sitenote_active":false,"_exactmetrics_sitenote_note":"","_exactmetrics_sitenote_category":0},"product_brand":[],"product_cat":[100],"product_tag":[],"class_list":{"0":"post-8888","1":"product","2":"type-product","3":"status-publish","4":"has-post-thumbnail","6":"product_cat-carretel-retratil","8":"first","9":"instock","10":"shipping-taxable","11":"product-type-simple"},"_links":{"self":[{"href":"https:\/\/totallubri.com.br\/index.php?rest_route=\/wp\/v2\/product\/8888","targetHints":{"allow":["GET"]}}],"collection":[{"href":"https:\/\/totallubri.com.br\/index.php?rest_route=\/wp\/v2\/product"}],"about":[{"href":"https:\/\/totallubri.com.br\/index.php?rest_route=\/wp\/v2\/types\/product"}],"replies":[{"embeddable":true,"href":"https:\/\/totallubri.com.br\/index.php?rest_route=%2Fwp%2Fv2%2Fcomments&post=8888"}],"wp:featuredmedia":[{"embeddable":true,"href":"https:\/\/totallubri.com.br\/index.php?rest_route=\/wp\/v2\/media\/8886"}],"wp:attachment":[{"href":"https:\/\/totallubri.com.br\/index.php?rest_route=%2Fwp%2Fv2%2Fmedia&parent=8888"}],"wp:term":[{"taxonomy":"product_brand","embeddable":true,"href":"https:\/\/totallubri.com.br\/index.php?rest_route=%2Fwp%2Fv2%2Fproduct_brand&post=8888"},{"taxonomy":"product_cat","embeddable":true,"href":"https:\/\/totallubri.com.br\/index.php?rest_route=%2Fwp%2Fv2%2Fproduct_cat&post=8888"},{"taxonomy":"product_tag","embeddable":true,"href":"https:\/\/totallubri.com.br\/index.php?rest_route=%2Fwp%2Fv2%2Fproduct_tag&post=8888"}],"curies":[{"name":"wp","href":"https:\/\/api.w.org\/{rel}","templated":true}]}}