{"id":8899,"date":"2024-04-12T10:55:20","date_gmt":"2024-04-12T13:55:20","guid":{"rendered":"https:\/\/totallubri.com.br\/?post_type=product&#038;p=8899"},"modified":"2024-11-22T17:04:58","modified_gmt":"2024-11-22T20:04:58","slug":"3009w-carretel-automatico","status":"publish","type":"product","link":"https:\/\/totallubri.com.br\/?product=3009w-carretel-automatico","title":{"rendered":"3009W- CARRETEL AUTOMATICO-LUPUS"},"content":{"rendered":"<p>Em a\u00e7o, com base simples e retra\u00e7\u00e3o autom\u00e1tica, por mola e com rolamentos.<\/p>\n<p>Mangote n\u00e3o acompanha produto.<\/p>\n<p>OBS: Carretel sem mangueira.<\/p>\n<p>&nbsp;<\/p>\n<p>Peso: 52 Kg<\/p>\n<p>Medidas: (A) 650 mm x (L) 630 mm x (C) 640 mm<\/p>\n","protected":false},"excerpt":{"rendered":"<p>Em a\u00e7o, com base simples e retra\u00e7\u00e3o autom\u00e1tica, por mola e com rolamentos. Mangote n\u00e3o acompanha produto. OBS: Carretel sem mangueira. &nbsp; Peso: 52 Kg Medidas: (A) 650 mm x (L) 630 mm x (C) 640 mm<\/p>\n","protected":false},"featured_media":8893,"comment_status":"open","ping_status":"closed","template":"","meta":{"_exactmetrics_skip_tracking":false,"_exactmetrics_sitenote_active":false,"_exactmetrics_sitenote_note":"","_exactmetrics_sitenote_category":0},"product_brand":[],"product_cat":[100],"product_tag":[],"class_list":{"0":"post-8899","1":"product","2":"type-product","3":"status-publish","4":"has-post-thumbnail","6":"product_cat-carretel-retratil","8":"first","9":"instock","10":"shipping-taxable","11":"product-type-simple"},"_links":{"self":[{"href":"https:\/\/totallubri.com.br\/index.php?rest_route=\/wp\/v2\/product\/8899","targetHints":{"allow":["GET"]}}],"collection":[{"href":"https:\/\/totallubri.com.br\/index.php?rest_route=\/wp\/v2\/product"}],"about":[{"href":"https:\/\/totallubri.com.br\/index.php?rest_route=\/wp\/v2\/types\/product"}],"replies":[{"embeddable":true,"href":"https:\/\/totallubri.com.br\/index.php?rest_route=%2Fwp%2Fv2%2Fcomments&post=8899"}],"wp:featuredmedia":[{"embeddable":true,"href":"https:\/\/totallubri.com.br\/index.php?rest_route=\/wp\/v2\/media\/8893"}],"wp:attachment":[{"href":"https:\/\/totallubri.com.br\/index.php?rest_route=%2Fwp%2Fv2%2Fmedia&parent=8899"}],"wp:term":[{"taxonomy":"product_brand","embeddable":true,"href":"https:\/\/totallubri.com.br\/index.php?rest_route=%2Fwp%2Fv2%2Fproduct_brand&post=8899"},{"taxonomy":"product_cat","embeddable":true,"href":"https:\/\/totallubri.com.br\/index.php?rest_route=%2Fwp%2Fv2%2Fproduct_cat&post=8899"},{"taxonomy":"product_tag","embeddable":true,"href":"https:\/\/totallubri.com.br\/index.php?rest_route=%2Fwp%2Fv2%2Fproduct_tag&post=8899"}],"curies":[{"name":"wp","href":"https:\/\/api.w.org\/{rel}","templated":true}]}}