{"id":8919,"date":"2024-04-15T16:07:23","date_gmt":"2024-04-15T19:07:23","guid":{"rendered":"https:\/\/totallubri.com.br\/?post_type=product&#038;p=8919"},"modified":"2024-11-25T11:19:09","modified_gmt":"2024-11-25T14:19:09","slug":"3090-carretel-automatico","status":"publish","type":"product","link":"https:\/\/totallubri.com.br\/?product=3090-carretel-automatico","title":{"rendered":"3090 \u2013 CARRETEL AUTOM\u00c1TICO \u2013 LUPUS"},"content":{"rendered":"<p>Em a\u00e7o, com base simples, retra\u00e7\u00e3o autom\u00e1tica.<br \/>\nMontado sem mangueira.<\/p>\n<p>Peso: 16,5 kg<br \/>\nMedidas: (C) 460 mm x (L) 190 mm x (A) 495 mm<\/p>\n","protected":false},"excerpt":{"rendered":"<p>Em a\u00e7o, com base simples, retra\u00e7\u00e3o autom\u00e1tica. Montado sem mangueira. Peso: 16,5 kg Medidas: (C) 460 mm x (L) 190 mm x (A) 495 mm<\/p>\n","protected":false},"featured_media":8920,"comment_status":"open","ping_status":"closed","template":"","meta":{"_exactmetrics_skip_tracking":false,"_exactmetrics_sitenote_active":false,"_exactmetrics_sitenote_note":"","_exactmetrics_sitenote_category":0},"product_brand":[],"product_cat":[100],"product_tag":[],"class_list":{"0":"post-8919","1":"product","2":"type-product","3":"status-publish","4":"has-post-thumbnail","6":"product_cat-carretel-retratil","8":"first","9":"instock","10":"shipping-taxable","11":"product-type-simple"},"_links":{"self":[{"href":"https:\/\/totallubri.com.br\/index.php?rest_route=\/wp\/v2\/product\/8919","targetHints":{"allow":["GET"]}}],"collection":[{"href":"https:\/\/totallubri.com.br\/index.php?rest_route=\/wp\/v2\/product"}],"about":[{"href":"https:\/\/totallubri.com.br\/index.php?rest_route=\/wp\/v2\/types\/product"}],"replies":[{"embeddable":true,"href":"https:\/\/totallubri.com.br\/index.php?rest_route=%2Fwp%2Fv2%2Fcomments&post=8919"}],"wp:featuredmedia":[{"embeddable":true,"href":"https:\/\/totallubri.com.br\/index.php?rest_route=\/wp\/v2\/media\/8920"}],"wp:attachment":[{"href":"https:\/\/totallubri.com.br\/index.php?rest_route=%2Fwp%2Fv2%2Fmedia&parent=8919"}],"wp:term":[{"taxonomy":"product_brand","embeddable":true,"href":"https:\/\/totallubri.com.br\/index.php?rest_route=%2Fwp%2Fv2%2Fproduct_brand&post=8919"},{"taxonomy":"product_cat","embeddable":true,"href":"https:\/\/totallubri.com.br\/index.php?rest_route=%2Fwp%2Fv2%2Fproduct_cat&post=8919"},{"taxonomy":"product_tag","embeddable":true,"href":"https:\/\/totallubri.com.br\/index.php?rest_route=%2Fwp%2Fv2%2Fproduct_tag&post=8919"}],"curies":[{"name":"wp","href":"https:\/\/api.w.org\/{rel}","templated":true}]}}