{"id":8932,"date":"2024-04-15T16:27:24","date_gmt":"2024-04-15T19:27:24","guid":{"rendered":"https:\/\/totallubri.com.br\/?post_type=product&#038;p=8932"},"modified":"2024-12-21T18:11:36","modified_gmt":"2024-12-21T21:11:36","slug":"3009-mh15-carretel-hidraulico","status":"publish","type":"product","link":"https:\/\/totallubri.com.br\/?product=3009-mh15-carretel-hidraulico","title":{"rendered":"3009-MH15 \u2013 CARRETEL HIDRAULICO-LUPUS"},"content":{"rendered":"<p>Em a\u00e7o, com base simples. Montado com mangueira.<\/p>\n<p>Flu\u00eddo: \u00d3leo<\/p>\n<p>Peso: 71 kg<\/p>\n<p>Medidas: (C) 560 mm x (L) 345 mm x (A) 594 mm<\/p>\n","protected":false},"excerpt":{"rendered":"<p>Em a\u00e7o, com base simples. Montado com mangueira. Flu\u00eddo: \u00d3leo Peso: 71 kg Medidas: (C) 560 mm x (L) 345 mm x (A) 594 mm<\/p>\n","protected":false},"featured_media":8930,"comment_status":"open","ping_status":"closed","template":"","meta":{"_exactmetrics_skip_tracking":false,"_exactmetrics_sitenote_active":false,"_exactmetrics_sitenote_note":"","_exactmetrics_sitenote_category":0},"product_brand":[],"product_cat":[100],"product_tag":[],"class_list":{"0":"post-8932","1":"product","2":"type-product","3":"status-publish","4":"has-post-thumbnail","6":"product_cat-carretel-retratil","8":"first","9":"instock","10":"shipping-taxable","11":"product-type-simple"},"_links":{"self":[{"href":"https:\/\/totallubri.com.br\/index.php?rest_route=\/wp\/v2\/product\/8932","targetHints":{"allow":["GET"]}}],"collection":[{"href":"https:\/\/totallubri.com.br\/index.php?rest_route=\/wp\/v2\/product"}],"about":[{"href":"https:\/\/totallubri.com.br\/index.php?rest_route=\/wp\/v2\/types\/product"}],"replies":[{"embeddable":true,"href":"https:\/\/totallubri.com.br\/index.php?rest_route=%2Fwp%2Fv2%2Fcomments&post=8932"}],"wp:featuredmedia":[{"embeddable":true,"href":"https:\/\/totallubri.com.br\/index.php?rest_route=\/wp\/v2\/media\/8930"}],"wp:attachment":[{"href":"https:\/\/totallubri.com.br\/index.php?rest_route=%2Fwp%2Fv2%2Fmedia&parent=8932"}],"wp:term":[{"taxonomy":"product_brand","embeddable":true,"href":"https:\/\/totallubri.com.br\/index.php?rest_route=%2Fwp%2Fv2%2Fproduct_brand&post=8932"},{"taxonomy":"product_cat","embeddable":true,"href":"https:\/\/totallubri.com.br\/index.php?rest_route=%2Fwp%2Fv2%2Fproduct_cat&post=8932"},{"taxonomy":"product_tag","embeddable":true,"href":"https:\/\/totallubri.com.br\/index.php?rest_route=%2Fwp%2Fv2%2Fproduct_tag&post=8932"}],"curies":[{"name":"wp","href":"https:\/\/api.w.org\/{rel}","templated":true}]}}