{"id":8940,"date":"2024-04-15T16:41:47","date_gmt":"2024-04-15T19:41:47","guid":{"rendered":"https:\/\/totallubri.com.br\/?post_type=product&#038;p=8940"},"modified":"2024-11-25T11:14:06","modified_gmt":"2024-11-25T14:14:06","slug":"3088-carretel-automatico-para-ferramentas-de-solda","status":"publish","type":"product","link":"https:\/\/totallubri.com.br\/?product=3088-carretel-automatico-para-ferramentas-de-solda","title":{"rendered":"3088 \u2013 CARRETEL AUTOMATICO PARA FERRAMENTAS DE SOLDA \u2013 LUPUS"},"content":{"rendered":"<p>Em a\u00e7o, com base simples e retra\u00e7\u00e3o autom\u00e1tica, possui pintura eletrost\u00e1tica, pode ser usado com Oxig\u00eanio e acetileno.<\/p>\n<p>Peso: 17,5 kg<br \/>\nMedidas: (C) 495 mm x (L) 210 mm x (A) 478 mm<\/p>\n","protected":false},"excerpt":{"rendered":"<p>Em a\u00e7o, com base simples e retra\u00e7\u00e3o autom\u00e1tica, possui pintura eletrost\u00e1tica, pode ser usado com Oxig\u00eanio e acetileno. Peso: 17,5 kg Medidas: (C) 495 mm x (L) 210 mm x (A) 478 mm<\/p>\n","protected":false},"featured_media":8941,"comment_status":"open","ping_status":"closed","template":"","meta":{"_exactmetrics_skip_tracking":false,"_exactmetrics_sitenote_active":false,"_exactmetrics_sitenote_note":"","_exactmetrics_sitenote_category":0},"product_brand":[],"product_cat":[100],"product_tag":[],"class_list":{"0":"post-8940","1":"product","2":"type-product","3":"status-publish","4":"has-post-thumbnail","6":"product_cat-carretel-retratil","8":"first","9":"instock","10":"shipping-taxable","11":"product-type-simple"},"_links":{"self":[{"href":"https:\/\/totallubri.com.br\/index.php?rest_route=\/wp\/v2\/product\/8940","targetHints":{"allow":["GET"]}}],"collection":[{"href":"https:\/\/totallubri.com.br\/index.php?rest_route=\/wp\/v2\/product"}],"about":[{"href":"https:\/\/totallubri.com.br\/index.php?rest_route=\/wp\/v2\/types\/product"}],"replies":[{"embeddable":true,"href":"https:\/\/totallubri.com.br\/index.php?rest_route=%2Fwp%2Fv2%2Fcomments&post=8940"}],"wp:featuredmedia":[{"embeddable":true,"href":"https:\/\/totallubri.com.br\/index.php?rest_route=\/wp\/v2\/media\/8941"}],"wp:attachment":[{"href":"https:\/\/totallubri.com.br\/index.php?rest_route=%2Fwp%2Fv2%2Fmedia&parent=8940"}],"wp:term":[{"taxonomy":"product_brand","embeddable":true,"href":"https:\/\/totallubri.com.br\/index.php?rest_route=%2Fwp%2Fv2%2Fproduct_brand&post=8940"},{"taxonomy":"product_cat","embeddable":true,"href":"https:\/\/totallubri.com.br\/index.php?rest_route=%2Fwp%2Fv2%2Fproduct_cat&post=8940"},{"taxonomy":"product_tag","embeddable":true,"href":"https:\/\/totallubri.com.br\/index.php?rest_route=%2Fwp%2Fv2%2Fproduct_tag&post=8940"}],"curies":[{"name":"wp","href":"https:\/\/api.w.org\/{rel}","templated":true}]}}