{"id":8943,"date":"2024-04-15T17:09:56","date_gmt":"2024-04-15T20:09:56","guid":{"rendered":"https:\/\/totallubri.com.br\/?post_type=product&#038;p=8943"},"modified":"2024-11-30T15:35:49","modified_gmt":"2024-11-30T18:35:49","slug":"2100-0-mangueira-para-abastecimento","status":"publish","type":"product","link":"https:\/\/totallubri.com.br\/?product=2100-0-mangueira-para-abastecimento","title":{"rendered":"2100-0 \u2013 MANGUEIRA PARA ABASTECIMENTO-LUPUS"},"content":{"rendered":"<p>Mangueira, montada com terminais em lat\u00e3o cromado fixo e girat\u00f3rio, com trama de a\u00e7o.<br \/>\nPortaria Inmetro\/Dimel\/N.\u00b0 459, de 03 de Dezembro de 2009.<\/p>\n<p>&nbsp;<\/p>\n<p>Peso: 3,4 Kg<\/p>\n<p>Medidas: (C) 5 m<\/p>\n","protected":false},"excerpt":{"rendered":"<p>Mangueira, montada com terminais em lat\u00e3o cromado fixo e girat\u00f3rio, com trama de a\u00e7o. Portaria Inmetro\/Dimel\/N.\u00b0 459, de 03 de Dezembro de 2009. &nbsp; Peso: 3,4 Kg Medidas: (C) 5 m<\/p>\n","protected":false},"featured_media":8944,"comment_status":"open","ping_status":"closed","template":"","meta":{"_exactmetrics_skip_tracking":false,"_exactmetrics_sitenote_active":false,"_exactmetrics_sitenote_note":"","_exactmetrics_sitenote_category":0},"product_brand":[],"product_cat":[97],"product_tag":[],"class_list":{"0":"post-8943","1":"product","2":"type-product","3":"status-publish","4":"has-post-thumbnail","6":"product_cat-mangueiras-terminais-e-acessorios-para-mangueiras","8":"first","9":"instock","10":"shipping-taxable","11":"product-type-simple"},"_links":{"self":[{"href":"https:\/\/totallubri.com.br\/index.php?rest_route=\/wp\/v2\/product\/8943","targetHints":{"allow":["GET"]}}],"collection":[{"href":"https:\/\/totallubri.com.br\/index.php?rest_route=\/wp\/v2\/product"}],"about":[{"href":"https:\/\/totallubri.com.br\/index.php?rest_route=\/wp\/v2\/types\/product"}],"replies":[{"embeddable":true,"href":"https:\/\/totallubri.com.br\/index.php?rest_route=%2Fwp%2Fv2%2Fcomments&post=8943"}],"wp:featuredmedia":[{"embeddable":true,"href":"https:\/\/totallubri.com.br\/index.php?rest_route=\/wp\/v2\/media\/8944"}],"wp:attachment":[{"href":"https:\/\/totallubri.com.br\/index.php?rest_route=%2Fwp%2Fv2%2Fmedia&parent=8943"}],"wp:term":[{"taxonomy":"product_brand","embeddable":true,"href":"https:\/\/totallubri.com.br\/index.php?rest_route=%2Fwp%2Fv2%2Fproduct_brand&post=8943"},{"taxonomy":"product_cat","embeddable":true,"href":"https:\/\/totallubri.com.br\/index.php?rest_route=%2Fwp%2Fv2%2Fproduct_cat&post=8943"},{"taxonomy":"product_tag","embeddable":true,"href":"https:\/\/totallubri.com.br\/index.php?rest_route=%2Fwp%2Fv2%2Fproduct_tag&post=8943"}],"curies":[{"name":"wp","href":"https:\/\/api.w.org\/{rel}","templated":true}]}}