{"id":8959,"date":"2024-04-16T13:41:31","date_gmt":"2024-04-16T16:41:31","guid":{"rendered":"https:\/\/totallubri.com.br\/?post_type=product&#038;p=8959"},"modified":"2024-11-27T11:24:58","modified_gmt":"2024-11-27T14:24:58","slug":"2100-sm-suporte-para-mangueira-e-gatilho","status":"publish","type":"product","link":"https:\/\/totallubri.com.br\/?product=2100-sm-suporte-para-mangueira-e-gatilho","title":{"rendered":"2100-SM \u2013 SUPORTE PARA MANGUEIRA E GATILHO-LUPUS"},"content":{"rendered":"<div class=\"woocommerce-tabs wc-tabs-wrapper\">\n<div id=\"tab-description\" class=\"woocommerce-Tabs-panel woocommerce-Tabs-panel--description panel entry-content wc-tab\" role=\"tabpanel\" aria-labelledby=\"tab-title-description\">\n<p>Em a\u00e7o carbono, indicado para armazenamento e organiza\u00e7\u00e3o da mangueira.<\/p>\n<p>&nbsp;<\/p>\n<p>Peso: 0,75 Kg<\/p>\n<p>Medidas: (A) 120 mm x (L) 25 mm x (C) 400 mm<\/p>\n<div class=\"at-below-post addthis_tool\" data-url=\"https:\/\/www.lupuslubrificacao.com.br\/produto\/2100-sm-suporte-para-mangueira-e-gatilho\/\"><\/div>\n<\/div>\n<\/div>\n","protected":false},"excerpt":{"rendered":"<p>Em a\u00e7o carbono, indicado para armazenamento e organiza\u00e7\u00e3o da mangueira. &nbsp; Peso: 0,75 Kg Medidas: (A) 120 mm x (L) 25 mm x (C) 400 mm<\/p>\n","protected":false},"featured_media":8957,"comment_status":"open","ping_status":"closed","template":"","meta":{"_exactmetrics_skip_tracking":false,"_exactmetrics_sitenote_active":false,"_exactmetrics_sitenote_note":"","_exactmetrics_sitenote_category":0},"product_brand":[],"product_cat":[97],"product_tag":[],"class_list":{"0":"post-8959","1":"product","2":"type-product","3":"status-publish","4":"has-post-thumbnail","6":"product_cat-mangueiras-terminais-e-acessorios-para-mangueiras","8":"first","9":"instock","10":"shipping-taxable","11":"product-type-simple"},"_links":{"self":[{"href":"https:\/\/totallubri.com.br\/index.php?rest_route=\/wp\/v2\/product\/8959","targetHints":{"allow":["GET"]}}],"collection":[{"href":"https:\/\/totallubri.com.br\/index.php?rest_route=\/wp\/v2\/product"}],"about":[{"href":"https:\/\/totallubri.com.br\/index.php?rest_route=\/wp\/v2\/types\/product"}],"replies":[{"embeddable":true,"href":"https:\/\/totallubri.com.br\/index.php?rest_route=%2Fwp%2Fv2%2Fcomments&post=8959"}],"wp:featuredmedia":[{"embeddable":true,"href":"https:\/\/totallubri.com.br\/index.php?rest_route=\/wp\/v2\/media\/8957"}],"wp:attachment":[{"href":"https:\/\/totallubri.com.br\/index.php?rest_route=%2Fwp%2Fv2%2Fmedia&parent=8959"}],"wp:term":[{"taxonomy":"product_brand","embeddable":true,"href":"https:\/\/totallubri.com.br\/index.php?rest_route=%2Fwp%2Fv2%2Fproduct_brand&post=8959"},{"taxonomy":"product_cat","embeddable":true,"href":"https:\/\/totallubri.com.br\/index.php?rest_route=%2Fwp%2Fv2%2Fproduct_cat&post=8959"},{"taxonomy":"product_tag","embeddable":true,"href":"https:\/\/totallubri.com.br\/index.php?rest_route=%2Fwp%2Fv2%2Fproduct_tag&post=8959"}],"curies":[{"name":"wp","href":"https:\/\/api.w.org\/{rel}","templated":true}]}}