{"id":9069,"date":"2024-04-17T15:03:09","date_gmt":"2024-04-17T18:03:09","guid":{"rendered":"https:\/\/totallubri.com.br\/?post_type=product&#038;p=9069"},"modified":"2024-11-28T11:02:24","modified_gmt":"2024-11-28T14:02:24","slug":"2100-bm-bico-manual","status":"publish","type":"product","link":"https:\/\/totallubri.com.br\/?product=2100-bm-bico-manual","title":{"rendered":"2100-BM \u2013 BICO MANUAL-LUPUS"},"content":{"rendered":"<p>BICO DE ABASTECIMENTO \u2013 MANUAL DE POLIPROPILENO PARA AGUA E OLEO DIESEL \u2013 E.ESPIGAO 3-4POL \u2013 50LPM<br \/>\nMaterial: Polipropileno<br \/>\nPonteira: \u00d8 3\/4\u2033<br \/>\nVaz\u00e3o: 50 L\/min<br \/>\nConex\u00e3o entrada: (M) 3\/4\u2033 NPT<br \/>\nPress\u00e3o m\u00e1xima de trabalho: 20 psi<br \/>\nAcompanha:<br \/>\n* Espig\u00e3o para mangueira \u00d8 3\/4\u2033\/ (F) girat\u00f3ria \u00d8 3\/4\u2033<\/p>\n<p>Flu\u00eddo: \u00c1gua e Diesel<br \/>\nPeso: 0,26 kg<br \/>\nMedidas: (A) 125 mm x (L) 300 mm<\/p>\n","protected":false},"excerpt":{"rendered":"<p>BICO DE ABASTECIMENTO \u2013 MANUAL DE POLIPROPILENO PARA AGUA E OLEO DIESEL \u2013 E.ESPIGAO 3-4POL \u2013 50LPM Material: Polipropileno Ponteira: \u00d8 3\/4\u2033 Vaz\u00e3o: 50 L\/min Conex\u00e3o entrada: (M) 3\/4\u2033 NPT Press\u00e3o m\u00e1xima de trabalho: 20 psi Acompanha: * Espig\u00e3o para mangueira \u00d8 3\/4\u2033\/ (F) girat\u00f3ria \u00d8 3\/4\u2033 Flu\u00eddo: \u00c1gua e Diesel Peso: 0,26 kg Medidas: [&hellip;]<\/p>\n","protected":false},"featured_media":9070,"comment_status":"open","ping_status":"closed","template":"","meta":{"_exactmetrics_skip_tracking":false,"_exactmetrics_sitenote_active":false,"_exactmetrics_sitenote_note":"","_exactmetrics_sitenote_category":0},"product_brand":[],"product_cat":[106],"product_tag":[],"class_list":{"0":"post-9069","1":"product","2":"type-product","3":"status-publish","4":"has-post-thumbnail","6":"product_cat-bico-de-abastecimento-para-combustiveis","8":"first","9":"instock","10":"shipping-taxable","11":"product-type-simple"},"_links":{"self":[{"href":"https:\/\/totallubri.com.br\/index.php?rest_route=\/wp\/v2\/product\/9069","targetHints":{"allow":["GET"]}}],"collection":[{"href":"https:\/\/totallubri.com.br\/index.php?rest_route=\/wp\/v2\/product"}],"about":[{"href":"https:\/\/totallubri.com.br\/index.php?rest_route=\/wp\/v2\/types\/product"}],"replies":[{"embeddable":true,"href":"https:\/\/totallubri.com.br\/index.php?rest_route=%2Fwp%2Fv2%2Fcomments&post=9069"}],"wp:featuredmedia":[{"embeddable":true,"href":"https:\/\/totallubri.com.br\/index.php?rest_route=\/wp\/v2\/media\/9070"}],"wp:attachment":[{"href":"https:\/\/totallubri.com.br\/index.php?rest_route=%2Fwp%2Fv2%2Fmedia&parent=9069"}],"wp:term":[{"taxonomy":"product_brand","embeddable":true,"href":"https:\/\/totallubri.com.br\/index.php?rest_route=%2Fwp%2Fv2%2Fproduct_brand&post=9069"},{"taxonomy":"product_cat","embeddable":true,"href":"https:\/\/totallubri.com.br\/index.php?rest_route=%2Fwp%2Fv2%2Fproduct_cat&post=9069"},{"taxonomy":"product_tag","embeddable":true,"href":"https:\/\/totallubri.com.br\/index.php?rest_route=%2Fwp%2Fv2%2Fproduct_tag&post=9069"}],"curies":[{"name":"wp","href":"https:\/\/api.w.org\/{rel}","templated":true}]}}