{"id":9092,"date":"2024-04-17T17:27:49","date_gmt":"2024-04-17T20:27:49","guid":{"rendered":"https:\/\/totallubri.com.br\/?post_type=product&#038;p=9092"},"modified":"2025-02-24T12:52:35","modified_gmt":"2025-02-24T15:52:35","slug":"2100-bb010-bico-automatico","status":"publish","type":"product","link":"https:\/\/totallubri.com.br\/?product=2100-bb010-bico-automatico","title":{"rendered":"2100-BB010 \u2013 BICO AUTOMATICO-LUPUS"},"content":{"rendered":"<p>Bico autom\u00e1tico com corpo em alum\u00ednio.<\/p>\n<p>Peso: 1,6 kg<br \/>\nMedidas: (A) 150 mm x (L) 360 mm<\/p>\n<p>MAIS DETALHES SOBRE O PRODUTO:<\/p>\n<h2>Informa\u00e7\u00e3o adicional<\/h2>\n<table class=\"woocommerce-product-attributes shop_attributes\">\n<tbody>\n<tr class=\"woocommerce-product-attributes-item woocommerce-product-attributes-item--attribute_pa_ponteira\">\n<th class=\"woocommerce-product-attributes-item__label\">Ponteira<\/th>\n<td class=\"woocommerce-product-attributes-item__value\">\u00d8 1&#8243;<\/td>\n<\/tr>\n<tr class=\"woocommerce-product-attributes-item woocommerce-product-attributes-item--attribute_pa_vazao-livre\">\n<th class=\"woocommerce-product-attributes-item__label\">Vaz\u00e3o livre<\/th>\n<td class=\"woocommerce-product-attributes-item__value\">120 L\/min<\/td>\n<\/tr>\n<tr class=\"woocommerce-product-attributes-item woocommerce-product-attributes-item--attribute_pa_entrada\">\n<th class=\"woocommerce-product-attributes-item__label\">Entrada<\/th>\n<td class=\"woocommerce-product-attributes-item__value\">\u00d8 1&#8243; NPT (F)<\/td>\n<\/tr>\n<tr class=\"woocommerce-product-attributes-item woocommerce-product-attributes-item--attribute_pa_pressao-maxima-de-trabalho\">\n<th class=\"woocommerce-product-attributes-item__label\">Press\u00e3o m\u00e1xima de trabalho<\/th>\n<td class=\"woocommerce-product-attributes-item__value\">50 psi<\/td>\n<\/tr>\n<\/tbody>\n<\/table>\n","protected":false},"excerpt":{"rendered":"<p>Bico autom\u00e1tico com corpo em alum\u00ednio. Peso: 1,6 kg Medidas: (A) 150 mm x (L) 360 mm MAIS DETALHES SOBRE O PRODUTO: Informa\u00e7\u00e3o adicional Ponteira \u00d8 1&#8243; Vaz\u00e3o livre 120 L\/min Entrada \u00d8 1&#8243; NPT (F) Press\u00e3o m\u00e1xima de trabalho 50 psi<\/p>\n","protected":false},"featured_media":14819,"comment_status":"open","ping_status":"closed","template":"","meta":{"_exactmetrics_skip_tracking":false,"_exactmetrics_sitenote_active":false,"_exactmetrics_sitenote_note":"","_exactmetrics_sitenote_category":0},"product_brand":[],"product_cat":[106],"product_tag":[],"class_list":{"0":"post-9092","1":"product","2":"type-product","3":"status-publish","4":"has-post-thumbnail","6":"product_cat-bico-de-abastecimento-para-combustiveis","8":"first","9":"instock","10":"shipping-taxable","11":"product-type-simple"},"_links":{"self":[{"href":"https:\/\/totallubri.com.br\/index.php?rest_route=\/wp\/v2\/product\/9092","targetHints":{"allow":["GET"]}}],"collection":[{"href":"https:\/\/totallubri.com.br\/index.php?rest_route=\/wp\/v2\/product"}],"about":[{"href":"https:\/\/totallubri.com.br\/index.php?rest_route=\/wp\/v2\/types\/product"}],"replies":[{"embeddable":true,"href":"https:\/\/totallubri.com.br\/index.php?rest_route=%2Fwp%2Fv2%2Fcomments&post=9092"}],"wp:featuredmedia":[{"embeddable":true,"href":"https:\/\/totallubri.com.br\/index.php?rest_route=\/wp\/v2\/media\/14819"}],"wp:attachment":[{"href":"https:\/\/totallubri.com.br\/index.php?rest_route=%2Fwp%2Fv2%2Fmedia&parent=9092"}],"wp:term":[{"taxonomy":"product_brand","embeddable":true,"href":"https:\/\/totallubri.com.br\/index.php?rest_route=%2Fwp%2Fv2%2Fproduct_brand&post=9092"},{"taxonomy":"product_cat","embeddable":true,"href":"https:\/\/totallubri.com.br\/index.php?rest_route=%2Fwp%2Fv2%2Fproduct_cat&post=9092"},{"taxonomy":"product_tag","embeddable":true,"href":"https:\/\/totallubri.com.br\/index.php?rest_route=%2Fwp%2Fv2%2Fproduct_tag&post=9092"}],"curies":[{"name":"wp","href":"https:\/\/api.w.org\/{rel}","templated":true}]}}