{"id":9131,"date":"2024-04-18T14:11:53","date_gmt":"2024-04-18T17:11:53","guid":{"rendered":"https:\/\/totallubri.com.br\/?post_type=product&#038;p=9131"},"modified":"2025-02-24T12:47:16","modified_gmt":"2025-02-24T15:47:16","slug":"2100-bbb02-bico-automatico-automatico-no-pressure-no-flow","status":"publish","type":"product","link":"https:\/\/totallubri.com.br\/?product=2100-bbb02-bico-automatico-automatico-no-pressure-no-flow","title":{"rendered":"2100-BBB02 BICO AUTOMATICO AUTOMATICO NO PRESSURE NO FLOW-LUPUS"},"content":{"rendered":"<p>orpo em alum\u00ednio, possui exclusivo mecanismo acionado automaticamente quando a bomba de abastecimento \u00e9 ligada, que somente assim libera a passagem e abastecimento do flu\u00eddo. Permitindo maior seguran\u00e7a no abastecimento, evitando derrames no reabastecimento.<\/p>\n<p>Peso: 1,25 Kg<br \/>\nMedidas: (A) 130 mm x (L) 355 mm<\/p>\n<p>&nbsp;<\/p>\n<p>DETALHES SOB PRODUTO:<\/p>\n<h2>Informa\u00e7\u00e3o adicional<\/h2>\n<table class=\"woocommerce-product-attributes shop_attributes\">\n<tbody>\n<tr class=\"woocommerce-product-attributes-item woocommerce-product-attributes-item--attribute_pa_ponteira\">\n<th class=\"woocommerce-product-attributes-item__label\">Ponteira<\/th>\n<td class=\"woocommerce-product-attributes-item__value\">\u00d8 1&#8243;<\/td>\n<\/tr>\n<tr class=\"woocommerce-product-attributes-item woocommerce-product-attributes-item--attribute_pa_vazao-livre\">\n<th class=\"woocommerce-product-attributes-item__label\">Vaz\u00e3o livre<\/th>\n<td class=\"woocommerce-product-attributes-item__value\">120 L\/min<\/td>\n<\/tr>\n<tr class=\"woocommerce-product-attributes-item woocommerce-product-attributes-item--attribute_pa_entrada\">\n<th class=\"woocommerce-product-attributes-item__label\">Entrada<\/th>\n<td class=\"woocommerce-product-attributes-item__value\">\u00d8 1&#8243; NPT (F)<\/td>\n<\/tr>\n<\/tbody>\n<\/table>\n","protected":false},"excerpt":{"rendered":"<p>orpo em alum\u00ednio, possui exclusivo mecanismo acionado automaticamente quando a bomba de abastecimento \u00e9 ligada, que somente assim libera a passagem e abastecimento do flu\u00eddo. Permitindo maior seguran\u00e7a no abastecimento, evitando derrames no reabastecimento. Peso: 1,25 Kg Medidas: (A) 130 mm x (L) 355 mm &nbsp; DETALHES SOB PRODUTO: Informa\u00e7\u00e3o adicional Ponteira \u00d8 1&#8243; Vaz\u00e3o [&hellip;]<\/p>\n","protected":false},"featured_media":14798,"comment_status":"open","ping_status":"closed","template":"","meta":{"_exactmetrics_skip_tracking":false,"_exactmetrics_sitenote_active":false,"_exactmetrics_sitenote_note":"","_exactmetrics_sitenote_category":0},"product_brand":[],"product_cat":[106],"product_tag":[],"class_list":{"0":"post-9131","1":"product","2":"type-product","3":"status-publish","4":"has-post-thumbnail","6":"product_cat-bico-de-abastecimento-para-combustiveis","8":"first","9":"instock","10":"shipping-taxable","11":"product-type-simple"},"_links":{"self":[{"href":"https:\/\/totallubri.com.br\/index.php?rest_route=\/wp\/v2\/product\/9131","targetHints":{"allow":["GET"]}}],"collection":[{"href":"https:\/\/totallubri.com.br\/index.php?rest_route=\/wp\/v2\/product"}],"about":[{"href":"https:\/\/totallubri.com.br\/index.php?rest_route=\/wp\/v2\/types\/product"}],"replies":[{"embeddable":true,"href":"https:\/\/totallubri.com.br\/index.php?rest_route=%2Fwp%2Fv2%2Fcomments&post=9131"}],"wp:featuredmedia":[{"embeddable":true,"href":"https:\/\/totallubri.com.br\/index.php?rest_route=\/wp\/v2\/media\/14798"}],"wp:attachment":[{"href":"https:\/\/totallubri.com.br\/index.php?rest_route=%2Fwp%2Fv2%2Fmedia&parent=9131"}],"wp:term":[{"taxonomy":"product_brand","embeddable":true,"href":"https:\/\/totallubri.com.br\/index.php?rest_route=%2Fwp%2Fv2%2Fproduct_brand&post=9131"},{"taxonomy":"product_cat","embeddable":true,"href":"https:\/\/totallubri.com.br\/index.php?rest_route=%2Fwp%2Fv2%2Fproduct_cat&post=9131"},{"taxonomy":"product_tag","embeddable":true,"href":"https:\/\/totallubri.com.br\/index.php?rest_route=%2Fwp%2Fv2%2Fproduct_tag&post=9131"}],"curies":[{"name":"wp","href":"https:\/\/api.w.org\/{rel}","templated":true}]}}