{"id":9140,"date":"2024-04-18T15:15:40","date_gmt":"2024-04-18T18:15:40","guid":{"rendered":"https:\/\/totallubri.com.br\/?post_type=product&#038;p=9140"},"modified":"2025-02-25T09:46:08","modified_gmt":"2025-02-25T12:46:08","slug":"2100-bv03-bico-automatico-para-recuperacao-de-vapor","status":"publish","type":"product","link":"https:\/\/totallubri.com.br\/?product=2100-bv03-bico-automatico-para-recuperacao-de-vapor","title":{"rendered":"2100-BV03 BICO AUTOMATICO PARA RECUPERA\u00c7\u00c3O DE VAPOR-LUPUS"},"content":{"rendered":"<h2>Descri\u00e7\u00e3o<\/h2>\n<p>Corpo em alum\u00ednio. Com sistema de recupera\u00e7\u00e3o do vapor emitido pelo combust\u00edvel no ato do abastecimento.<br \/>\nAdapt\u00e1vel a equipamentos com sistema de recupera\u00e7\u00e3o de vapor.<\/p>\n<p>Peso: 1,25 Kg<\/p>\n<p>OUTRAS OP\u00c7OES DESTE PRODUTO:<\/p>\n<table width=\"742\">\n<tbody>\n<tr>\n<td width=\"245\">BICO AUTOMATICO P\/RECUPERA\u00c7\u00c3O DE VAPOR<\/td>\n<td width=\"98\"><\/td>\n<td width=\"71\"><\/td>\n<td width=\"130\">TEMPERATURA<\/td>\n<td width=\"90\"><\/td>\n<td width=\"108\"><\/td>\n<\/tr>\n<tr>\n<td>CODIGO<\/td>\n<td>PONTEIRAS<\/td>\n<td>VAZAO<\/td>\n<td>MAXIMA TRABALHO<\/td>\n<td>ENTRADA<\/td>\n<td>COR<\/td>\n<\/tr>\n<tr>\n<td>2100-BV06<\/td>\n<td>1\/2&#8243;<\/td>\n<td>45 L\/M<\/td>\n<td>-20\u00b0 \u00e1 50\u00b0<\/td>\n<td>M34X1,5(F)<\/td>\n<td>CINZA<\/td>\n<\/tr>\n<tr>\n<td>2100-BV05<\/td>\n<td>1\/2&#8243;<\/td>\n<td>45 L\/M<\/td>\n<td>-20\u00b0 \u00e1 50\u00b0<\/td>\n<td>M34X1,5(F)<\/td>\n<td>PRETO<\/td>\n<\/tr>\n<tr>\n<td>2100-BV04<\/td>\n<td>1\/2&#8243;<\/td>\n<td>45 L\/M<\/td>\n<td>-20\u00b0 \u00e1 50\u00b0<\/td>\n<td>M34X1,5(F)<\/td>\n<td>AMARELO<\/td>\n<\/tr>\n<tr>\n<td>2100-BV03<\/td>\n<td>1\/2&#8243;<\/td>\n<td>45 L\/M<\/td>\n<td>-20\u00b0 \u00e1 50\u00b0<\/td>\n<td>M34X1,5(F)<\/td>\n<td>AZUL<\/td>\n<\/tr>\n<tr>\n<td>2100-BV02<\/td>\n<td>1\/2&#8243;<\/td>\n<td>45 L\/M<\/td>\n<td>-20\u00b0 \u00e1 50\u00b0<\/td>\n<td>M34X1,5(F)<\/td>\n<td>VERMELHO<\/td>\n<\/tr>\n<tr>\n<td>2100-BV01<\/td>\n<td>1\/2&#8243;<\/td>\n<td>45 L\/M<\/td>\n<td>-20\u00b0 \u00e1 50\u00b0<\/td>\n<td>M34X1,5(F)<\/td>\n<td>VERDE<\/td>\n<\/tr>\n<\/tbody>\n<\/table>\n","protected":false},"excerpt":{"rendered":"<p>Descri\u00e7\u00e3o Corpo em alum\u00ednio. Com sistema de recupera\u00e7\u00e3o do vapor emitido pelo combust\u00edvel no ato do abastecimento. Adapt\u00e1vel a equipamentos com sistema de recupera\u00e7\u00e3o de vapor. Peso: 1,25 Kg OUTRAS OP\u00c7OES DESTE PRODUTO: BICO AUTOMATICO P\/RECUPERA\u00c7\u00c3O DE VAPOR TEMPERATURA CODIGO PONTEIRAS VAZAO MAXIMA TRABALHO ENTRADA COR 2100-BV06 1\/2&#8243; 45 L\/M -20\u00b0 \u00e1 50\u00b0 M34X1,5(F) CINZA [&hellip;]<\/p>\n","protected":false},"featured_media":14814,"comment_status":"open","ping_status":"closed","template":"","meta":{"_exactmetrics_skip_tracking":false,"_exactmetrics_sitenote_active":false,"_exactmetrics_sitenote_note":"","_exactmetrics_sitenote_category":0},"product_brand":[],"product_cat":[106],"product_tag":[],"class_list":{"0":"post-9140","1":"product","2":"type-product","3":"status-publish","4":"has-post-thumbnail","6":"product_cat-bico-de-abastecimento-para-combustiveis","8":"first","9":"instock","10":"shipping-taxable","11":"product-type-simple"},"_links":{"self":[{"href":"https:\/\/totallubri.com.br\/index.php?rest_route=\/wp\/v2\/product\/9140","targetHints":{"allow":["GET"]}}],"collection":[{"href":"https:\/\/totallubri.com.br\/index.php?rest_route=\/wp\/v2\/product"}],"about":[{"href":"https:\/\/totallubri.com.br\/index.php?rest_route=\/wp\/v2\/types\/product"}],"replies":[{"embeddable":true,"href":"https:\/\/totallubri.com.br\/index.php?rest_route=%2Fwp%2Fv2%2Fcomments&post=9140"}],"wp:featuredmedia":[{"embeddable":true,"href":"https:\/\/totallubri.com.br\/index.php?rest_route=\/wp\/v2\/media\/14814"}],"wp:attachment":[{"href":"https:\/\/totallubri.com.br\/index.php?rest_route=%2Fwp%2Fv2%2Fmedia&parent=9140"}],"wp:term":[{"taxonomy":"product_brand","embeddable":true,"href":"https:\/\/totallubri.com.br\/index.php?rest_route=%2Fwp%2Fv2%2Fproduct_brand&post=9140"},{"taxonomy":"product_cat","embeddable":true,"href":"https:\/\/totallubri.com.br\/index.php?rest_route=%2Fwp%2Fv2%2Fproduct_cat&post=9140"},{"taxonomy":"product_tag","embeddable":true,"href":"https:\/\/totallubri.com.br\/index.php?rest_route=%2Fwp%2Fv2%2Fproduct_tag&post=9140"}],"curies":[{"name":"wp","href":"https:\/\/api.w.org\/{rel}","templated":true}]}}