{"id":9149,"date":"2024-04-18T15:28:44","date_gmt":"2024-04-18T18:28:44","guid":{"rendered":"https:\/\/totallubri.com.br\/?post_type=product&#038;p=9149"},"modified":"2024-11-28T11:18:04","modified_gmt":"2024-11-28T14:18:04","slug":"2100-zx-bico-automatico","status":"publish","type":"product","link":"https:\/\/totallubri.com.br\/?product=2100-zx-bico-automatico","title":{"rendered":"2100-ZX BICO AUTOMATICO-LUPUS"},"content":{"rendered":"<p>Bico de abastecimento autom\u00e1tico em alum\u00ednio com acabamento revestido com p\u00f3 antiderrapante para combust\u00edveis.<\/p>\n<p>Aplica\u00e7\u00e3o: Trabalhos pesados<\/p>\n<p>&nbsp;<\/p>\n<p>Peso: 4,5 kg<br \/>\nMedidas: (C) 440 mm x (L) 125 mm x (A) 240 mm<\/p>\n","protected":false},"excerpt":{"rendered":"<p>Bico de abastecimento autom\u00e1tico em alum\u00ednio com acabamento revestido com p\u00f3 antiderrapante para combust\u00edveis. Aplica\u00e7\u00e3o: Trabalhos pesados &nbsp; Peso: 4,5 kg Medidas: (C) 440 mm x (L) 125 mm x (A) 240 mm<\/p>\n","protected":false},"featured_media":9150,"comment_status":"open","ping_status":"closed","template":"","meta":{"_exactmetrics_skip_tracking":false,"_exactmetrics_sitenote_active":false,"_exactmetrics_sitenote_note":"","_exactmetrics_sitenote_category":0},"product_brand":[],"product_cat":[106],"product_tag":[],"class_list":{"0":"post-9149","1":"product","2":"type-product","3":"status-publish","4":"has-post-thumbnail","6":"product_cat-bico-de-abastecimento-para-combustiveis","8":"first","9":"instock","10":"shipping-taxable","11":"product-type-simple"},"_links":{"self":[{"href":"https:\/\/totallubri.com.br\/index.php?rest_route=\/wp\/v2\/product\/9149","targetHints":{"allow":["GET"]}}],"collection":[{"href":"https:\/\/totallubri.com.br\/index.php?rest_route=\/wp\/v2\/product"}],"about":[{"href":"https:\/\/totallubri.com.br\/index.php?rest_route=\/wp\/v2\/types\/product"}],"replies":[{"embeddable":true,"href":"https:\/\/totallubri.com.br\/index.php?rest_route=%2Fwp%2Fv2%2Fcomments&post=9149"}],"wp:featuredmedia":[{"embeddable":true,"href":"https:\/\/totallubri.com.br\/index.php?rest_route=\/wp\/v2\/media\/9150"}],"wp:attachment":[{"href":"https:\/\/totallubri.com.br\/index.php?rest_route=%2Fwp%2Fv2%2Fmedia&parent=9149"}],"wp:term":[{"taxonomy":"product_brand","embeddable":true,"href":"https:\/\/totallubri.com.br\/index.php?rest_route=%2Fwp%2Fv2%2Fproduct_brand&post=9149"},{"taxonomy":"product_cat","embeddable":true,"href":"https:\/\/totallubri.com.br\/index.php?rest_route=%2Fwp%2Fv2%2Fproduct_cat&post=9149"},{"taxonomy":"product_tag","embeddable":true,"href":"https:\/\/totallubri.com.br\/index.php?rest_route=%2Fwp%2Fv2%2Fproduct_tag&post=9149"}],"curies":[{"name":"wp","href":"https:\/\/api.w.org\/{rel}","templated":true}]}}