{"id":9175,"date":"2024-04-18T16:21:18","date_gmt":"2024-04-18T19:21:18","guid":{"rendered":"https:\/\/totallubri.com.br\/?post_type=product&#038;p=9175"},"modified":"2025-02-18T17:05:05","modified_gmt":"2025-02-18T20:05:05","slug":"9175","status":"publish","type":"product","link":"https:\/\/totallubri.com.br\/?product=9175","title":{"rendered":"2100-CC06 MODULO PARA ABASTECIMENTO-LUPUS"},"content":{"rendered":"<p>Mangueira em baixo relevo, montada com terminais de alum\u00ednio fixo e girat\u00f3rio \u00d8 3\/4\u2033, com trama de a\u00e7o e bico de abastecimento autom\u00e1tico.<\/p>\n<p>Homologado pela Portaria do INMETRO\/DIMEL n\u00ba 459 de 03\/12\/2009.<\/p>\n<p>Peso: 2,9 kg<\/p>\n<p>Medidas: (C) 5000 mm x (\u00d8) 29,5 mm<\/p>\n<p>:Detalhes<\/p>\n<table class=\"woocommerce-product-attributes shop_attributes\">\n<tbody>\n<tr class=\"woocommerce-product-attributes-item woocommerce-product-attributes-item--attribute_pa_ponteira\">\n<th class=\"woocommerce-product-attributes-item__label\">Ponteira<\/th>\n<td class=\"woocommerce-product-attributes-item__value\">\u00d8 1\/2&#8243;<\/td>\n<\/tr>\n<tr class=\"woocommerce-product-attributes-item woocommerce-product-attributes-item--attribute_pa_vazao-livre\">\n<th class=\"woocommerce-product-attributes-item__label\">Vaz\u00e3o livre<\/th>\n<td class=\"woocommerce-product-attributes-item__value\">50 L\/min<\/td>\n<\/tr>\n<tr class=\"woocommerce-product-attributes-item woocommerce-product-attributes-item--attribute_pa_pressao-maxima-de-trabalho\">\n<th class=\"woocommerce-product-attributes-item__label\">Press\u00e3o m\u00e1xima de trabalho<\/th>\n<td class=\"woocommerce-product-attributes-item__value\">50 psi<\/td>\n<\/tr>\n<tr class=\"woocommerce-product-attributes-item woocommerce-product-attributes-item--attribute_pa_comp-linear-mangueira\">\n<th class=\"woocommerce-product-attributes-item__label\">Comp. linear mangueira<\/th>\n<td class=\"woocommerce-product-attributes-item__value\">5 m<\/td>\n<\/tr>\n<tr class=\"woocommerce-product-attributes-item woocommerce-product-attributes-item--attribute_pa_terminais\">\n<th class=\"woocommerce-product-attributes-item__label\">Terminais<\/th>\n<td class=\"woocommerce-product-attributes-item__value\">\u00d8 3\/4&#8243; fixo (M) x \u00d8 3\/4&#8243; gir. (M)<\/td>\n<\/tr>\n<\/tbody>\n<\/table>\n","protected":false},"excerpt":{"rendered":"<p>Mangueira em baixo relevo, montada com terminais de alum\u00ednio fixo e girat\u00f3rio \u00d8 3\/4\u2033, com trama de a\u00e7o e bico de abastecimento autom\u00e1tico. Homologado pela Portaria do INMETRO\/DIMEL n\u00ba 459 de 03\/12\/2009. Peso: 2,9 kg Medidas: (C) 5000 mm x (\u00d8) 29,5 mm :Detalhes Ponteira \u00d8 1\/2&#8243; Vaz\u00e3o livre 50 L\/min Press\u00e3o m\u00e1xima de trabalho [&hellip;]<\/p>\n","protected":false},"featured_media":14756,"comment_status":"open","ping_status":"closed","template":"","meta":{"_exactmetrics_skip_tracking":false,"_exactmetrics_sitenote_active":false,"_exactmetrics_sitenote_note":"","_exactmetrics_sitenote_category":0},"product_brand":[],"product_cat":[103],"product_tag":[],"class_list":{"0":"post-9175","1":"product","2":"type-product","3":"status-publish","4":"has-post-thumbnail","6":"product_cat-modulo-para-abastecimento","8":"first","9":"instock","10":"shipping-taxable","11":"product-type-simple"},"_links":{"self":[{"href":"https:\/\/totallubri.com.br\/index.php?rest_route=\/wp\/v2\/product\/9175","targetHints":{"allow":["GET"]}}],"collection":[{"href":"https:\/\/totallubri.com.br\/index.php?rest_route=\/wp\/v2\/product"}],"about":[{"href":"https:\/\/totallubri.com.br\/index.php?rest_route=\/wp\/v2\/types\/product"}],"replies":[{"embeddable":true,"href":"https:\/\/totallubri.com.br\/index.php?rest_route=%2Fwp%2Fv2%2Fcomments&post=9175"}],"wp:featuredmedia":[{"embeddable":true,"href":"https:\/\/totallubri.com.br\/index.php?rest_route=\/wp\/v2\/media\/14756"}],"wp:attachment":[{"href":"https:\/\/totallubri.com.br\/index.php?rest_route=%2Fwp%2Fv2%2Fmedia&parent=9175"}],"wp:term":[{"taxonomy":"product_brand","embeddable":true,"href":"https:\/\/totallubri.com.br\/index.php?rest_route=%2Fwp%2Fv2%2Fproduct_brand&post=9175"},{"taxonomy":"product_cat","embeddable":true,"href":"https:\/\/totallubri.com.br\/index.php?rest_route=%2Fwp%2Fv2%2Fproduct_cat&post=9175"},{"taxonomy":"product_tag","embeddable":true,"href":"https:\/\/totallubri.com.br\/index.php?rest_route=%2Fwp%2Fv2%2Fproduct_tag&post=9175"}],"curies":[{"name":"wp","href":"https:\/\/api.w.org\/{rel}","templated":true}]}}