{"id":9238,"date":"2024-04-19T11:20:57","date_gmt":"2024-04-19T14:20:57","guid":{"rendered":"https:\/\/totallubri.com.br\/?post_type=product&#038;p=9238"},"modified":"2025-02-18T12:46:28","modified_gmt":"2025-02-18T15:46:28","slug":"2100-capa07-capa-gatilho-de-abastecimento-automatico","status":"publish","type":"product","link":"https:\/\/totallubri.com.br\/?product=2100-capa07-capa-gatilho-de-abastecimento-automatico","title":{"rendered":"2100-CAPA07 CAPA GATILHO DE ABASTECIMENTO AUTOMATICO-LUPUS"},"content":{"rendered":"<p>Em pl\u00e1stico vinil, para firmeza e prote\u00e7\u00e3o de bicos de abastecimento.<\/p>\n<p>Peso: 0,09 Kg<br \/>\nMedidas: (A) 100 mm x (L) 50 mm x (C) 245 mm<\/p>\n<p>:DETALHES<\/p>\n<table class=\"woocommerce-product-attributes shop_attributes\">\n<tbody>\n<tr class=\"woocommerce-product-attributes-item woocommerce-product-attributes-item--attribute_pa_adaptavel\">\n<th class=\"woocommerce-product-attributes-item__label\">Adapt\u00e1vel<\/th>\n<td class=\"woocommerce-product-attributes-item__value\">bicos de abastecimento<\/td>\n<\/tr>\n<tr class=\"woocommerce-product-attributes-item woocommerce-product-attributes-item--attribute_pa_compativel\">\n<th class=\"woocommerce-product-attributes-item__label\">Compat\u00edvel<\/th>\n<td class=\"woocommerce-product-attributes-item__value\">Bicos de abastecimento autom\u00e1tico com entrada de 3\/4\u201d e ponteira de 1\/2\u201d e 3\/4\u201d<\/td>\n<\/tr>\n<tr class=\"woocommerce-product-attributes-item woocommerce-product-attributes-item--attribute_pa_cor\">\n<th class=\"woocommerce-product-attributes-item__label\">Cor<\/th>\n<td class=\"woocommerce-product-attributes-item__value\">Laranja<\/td>\n<\/tr>\n<\/tbody>\n<\/table>\n","protected":false},"excerpt":{"rendered":"<p>Em pl\u00e1stico vinil, para firmeza e prote\u00e7\u00e3o de bicos de abastecimento. Peso: 0,09 Kg Medidas: (A) 100 mm x (L) 50 mm x (C) 245 mm :DETALHES Adapt\u00e1vel bicos de abastecimento Compat\u00edvel Bicos de abastecimento autom\u00e1tico com entrada de 3\/4\u201d e ponteira de 1\/2\u201d e 3\/4\u201d Cor Laranja<\/p>\n","protected":false},"featured_media":14680,"comment_status":"open","ping_status":"closed","template":"","meta":{"_exactmetrics_skip_tracking":false,"_exactmetrics_sitenote_active":false,"_exactmetrics_sitenote_note":"","_exactmetrics_sitenote_category":0},"product_brand":[],"product_cat":[103],"product_tag":[],"class_list":{"0":"post-9238","1":"product","2":"type-product","3":"status-publish","4":"has-post-thumbnail","6":"product_cat-modulo-para-abastecimento","8":"first","9":"instock","10":"shipping-taxable","11":"product-type-simple"},"_links":{"self":[{"href":"https:\/\/totallubri.com.br\/index.php?rest_route=\/wp\/v2\/product\/9238","targetHints":{"allow":["GET"]}}],"collection":[{"href":"https:\/\/totallubri.com.br\/index.php?rest_route=\/wp\/v2\/product"}],"about":[{"href":"https:\/\/totallubri.com.br\/index.php?rest_route=\/wp\/v2\/types\/product"}],"replies":[{"embeddable":true,"href":"https:\/\/totallubri.com.br\/index.php?rest_route=%2Fwp%2Fv2%2Fcomments&post=9238"}],"wp:featuredmedia":[{"embeddable":true,"href":"https:\/\/totallubri.com.br\/index.php?rest_route=\/wp\/v2\/media\/14680"}],"wp:attachment":[{"href":"https:\/\/totallubri.com.br\/index.php?rest_route=%2Fwp%2Fv2%2Fmedia&parent=9238"}],"wp:term":[{"taxonomy":"product_brand","embeddable":true,"href":"https:\/\/totallubri.com.br\/index.php?rest_route=%2Fwp%2Fv2%2Fproduct_brand&post=9238"},{"taxonomy":"product_cat","embeddable":true,"href":"https:\/\/totallubri.com.br\/index.php?rest_route=%2Fwp%2Fv2%2Fproduct_cat&post=9238"},{"taxonomy":"product_tag","embeddable":true,"href":"https:\/\/totallubri.com.br\/index.php?rest_route=%2Fwp%2Fv2%2Fproduct_tag&post=9238"}],"curies":[{"name":"wp","href":"https:\/\/api.w.org\/{rel}","templated":true}]}}