{"id":9276,"date":"2024-04-22T16:24:19","date_gmt":"2024-04-22T19:24:19","guid":{"rendered":"https:\/\/totallubri.com.br\/?post_type=product&#038;p=9276"},"modified":"2024-12-15T22:13:55","modified_gmt":"2024-12-16T01:13:55","slug":"2100-vprv-valvula-reguladora","status":"publish","type":"product","link":"https:\/\/totallubri.com.br\/?product=2100-vprv-valvula-reguladora","title":{"rendered":"2100-VPRV VALVULA REGULADORA-LUPUS"},"content":{"rendered":"<p>Em alum\u00ednio, indicado para regular proporcionalmente o fluxo de vapor a ser recuperado. Adapt\u00e1vel ao bico de recupera\u00e7\u00e3o de vapor.<\/p>\n<p>Peso: 0,16 Kg<br \/>\nMedidas: (C) 120 mm x (\u00d8) 43 mm<\/p>\n","protected":false},"excerpt":{"rendered":"<p>Em alum\u00ednio, indicado para regular proporcionalmente o fluxo de vapor a ser recuperado. Adapt\u00e1vel ao bico de recupera\u00e7\u00e3o de vapor. Peso: 0,16 Kg Medidas: (C) 120 mm x (\u00d8) 43 mm<\/p>\n","protected":false},"featured_media":9274,"comment_status":"open","ping_status":"closed","template":"","meta":{"_exactmetrics_skip_tracking":false,"_exactmetrics_sitenote_active":false,"_exactmetrics_sitenote_note":"","_exactmetrics_sitenote_category":0},"product_brand":[],"product_cat":[114],"product_tag":[],"class_list":{"0":"post-9276","1":"product","2":"type-product","3":"status-publish","4":"has-post-thumbnail","6":"product_cat-solucoes-para-abastecimento","8":"first","9":"instock","10":"shipping-taxable","11":"product-type-simple"},"_links":{"self":[{"href":"https:\/\/totallubri.com.br\/index.php?rest_route=\/wp\/v2\/product\/9276","targetHints":{"allow":["GET"]}}],"collection":[{"href":"https:\/\/totallubri.com.br\/index.php?rest_route=\/wp\/v2\/product"}],"about":[{"href":"https:\/\/totallubri.com.br\/index.php?rest_route=\/wp\/v2\/types\/product"}],"replies":[{"embeddable":true,"href":"https:\/\/totallubri.com.br\/index.php?rest_route=%2Fwp%2Fv2%2Fcomments&post=9276"}],"wp:featuredmedia":[{"embeddable":true,"href":"https:\/\/totallubri.com.br\/index.php?rest_route=\/wp\/v2\/media\/9274"}],"wp:attachment":[{"href":"https:\/\/totallubri.com.br\/index.php?rest_route=%2Fwp%2Fv2%2Fmedia&parent=9276"}],"wp:term":[{"taxonomy":"product_brand","embeddable":true,"href":"https:\/\/totallubri.com.br\/index.php?rest_route=%2Fwp%2Fv2%2Fproduct_brand&post=9276"},{"taxonomy":"product_cat","embeddable":true,"href":"https:\/\/totallubri.com.br\/index.php?rest_route=%2Fwp%2Fv2%2Fproduct_cat&post=9276"},{"taxonomy":"product_tag","embeddable":true,"href":"https:\/\/totallubri.com.br\/index.php?rest_route=%2Fwp%2Fv2%2Fproduct_tag&post=9276"}],"curies":[{"name":"wp","href":"https:\/\/api.w.org\/{rel}","templated":true}]}}