{"id":9308,"date":"2024-04-23T10:28:17","date_gmt":"2024-04-23T13:28:17","guid":{"rendered":"https:\/\/totallubri.com.br\/?post_type=product&#038;p=9308"},"modified":"2024-12-26T16:25:41","modified_gmt":"2024-12-26T19:25:41","slug":"1184-valvula-de-pe","status":"publish","type":"product","link":"https:\/\/totallubri.com.br\/?product=1184-valvula-de-pe","title":{"rendered":"1184 \u2013 VALVULA DE P\u00c9-LUPUS"},"content":{"rendered":"<p>Em lat\u00e3o, com filtro tela e v\u00e1lvula de reten\u00e7\u00e3o.<\/p>\n<p>Peso: 0,380 kg<br \/>\nMedidas: (\u00d8) 65,9 mm x (C) 119,2 mm<\/p>\n<table width=\"664\">\n<tbody>\n<tr>\n<td width=\"94\">\u00a0PRODUTO<\/td>\n<td width=\"241\">\u00a0VALVULA DE PE<\/td>\n<td width=\"64\">\u00a0USO<\/td>\n<td width=\"265\">\n<table>\n<tbody>\n<tr>\n<td width=\"265\"><\/td>\n<\/tr>\n<\/tbody>\n<\/table>\n<\/td>\n<\/tr>\n<tr>\n<td>\u00a0CODIGO<\/td>\n<td>\u00a0ENTRA E SAIDA<\/td>\n<td>\u00a0PESO<\/td>\n<td>\u00a0OUTRAS MEDIDAS<\/td>\n<\/tr>\n<tr>\n<td>1180<\/td>\n<td>1\/2&#8243;BSP (F)<\/td>\n<td>0,077KG<\/td>\n<td>(O) 33MM X (A)46,5 MM<\/td>\n<\/tr>\n<tr>\n<td>1181<\/td>\n<td>3\/4&#8243;BSP(F)<\/td>\n<td>0,122KG<\/td>\n<td>(O)\u00a0 42,5MM X (A) 48,5MM<\/td>\n<\/tr>\n<tr>\n<td>1182<\/td>\n<td>1&#8243;BSP(F)<\/td>\n<td>0,165KG<\/td>\n<td>(O) 45,5MM X (A) 56MM<\/td>\n<\/tr>\n<tr>\n<td>1183<\/td>\n<td>1.1\/4&#8243;BSP(F)<\/td>\n<td>0,245KG<\/td>\n<td>(O) 56,1MM X \u00a9 57,25MM<\/td>\n<\/tr>\n<tr>\n<td>1184<\/td>\n<td>1.1\/2&#8243;BSP(F)<\/td>\n<td>0,380KG<\/td>\n<td>(O) 65MM X \u00a9 70MM<\/td>\n<\/tr>\n<\/tbody>\n<\/table>\n","protected":false},"excerpt":{"rendered":"<p>Em lat\u00e3o, com filtro tela e v\u00e1lvula de reten\u00e7\u00e3o. Peso: 0,380 kg Medidas: (\u00d8) 65,9 mm x (C) 119,2 mm \u00a0PRODUTO \u00a0VALVULA DE PE \u00a0USO \u00a0CODIGO \u00a0ENTRA E SAIDA \u00a0PESO \u00a0OUTRAS MEDIDAS 1180 1\/2&#8243;BSP (F) 0,077KG (O) 33MM X (A)46,5 MM 1181 3\/4&#8243;BSP(F) 0,122KG (O)\u00a0 42,5MM X (A) 48,5MM 1182 1&#8243;BSP(F) 0,165KG (O) 45,5MM X [&hellip;]<\/p>\n","protected":false},"featured_media":9300,"comment_status":"open","ping_status":"closed","template":"","meta":{"_exactmetrics_skip_tracking":false,"_exactmetrics_sitenote_active":false,"_exactmetrics_sitenote_note":"","_exactmetrics_sitenote_category":0},"product_brand":[],"product_cat":[130],"product_tag":[],"class_list":{"0":"post-9308","1":"product","2":"type-product","3":"status-publish","4":"has-post-thumbnail","6":"product_cat-itens-para-manutencao-em-geral","8":"first","9":"instock","10":"shipping-taxable","11":"product-type-simple"},"_links":{"self":[{"href":"https:\/\/totallubri.com.br\/index.php?rest_route=\/wp\/v2\/product\/9308","targetHints":{"allow":["GET"]}}],"collection":[{"href":"https:\/\/totallubri.com.br\/index.php?rest_route=\/wp\/v2\/product"}],"about":[{"href":"https:\/\/totallubri.com.br\/index.php?rest_route=\/wp\/v2\/types\/product"}],"replies":[{"embeddable":true,"href":"https:\/\/totallubri.com.br\/index.php?rest_route=%2Fwp%2Fv2%2Fcomments&post=9308"}],"wp:featuredmedia":[{"embeddable":true,"href":"https:\/\/totallubri.com.br\/index.php?rest_route=\/wp\/v2\/media\/9300"}],"wp:attachment":[{"href":"https:\/\/totallubri.com.br\/index.php?rest_route=%2Fwp%2Fv2%2Fmedia&parent=9308"}],"wp:term":[{"taxonomy":"product_brand","embeddable":true,"href":"https:\/\/totallubri.com.br\/index.php?rest_route=%2Fwp%2Fv2%2Fproduct_brand&post=9308"},{"taxonomy":"product_cat","embeddable":true,"href":"https:\/\/totallubri.com.br\/index.php?rest_route=%2Fwp%2Fv2%2Fproduct_cat&post=9308"},{"taxonomy":"product_tag","embeddable":true,"href":"https:\/\/totallubri.com.br\/index.php?rest_route=%2Fwp%2Fv2%2Fproduct_tag&post=9308"}],"curies":[{"name":"wp","href":"https:\/\/api.w.org\/{rel}","templated":true}]}}