{"id":9545,"date":"2024-04-25T16:03:54","date_gmt":"2024-04-25T19:03:54","guid":{"rendered":"https:\/\/totallubri.com.br\/?post_type=product&#038;p=9545"},"modified":"2024-12-01T11:38:55","modified_gmt":"2024-12-01T14:38:55","slug":"2100w-3dg-medidor-mecanico-giratorio","status":"publish","type":"product","link":"https:\/\/totallubri.com.br\/?product=2100w-3dg-medidor-mecanico-giratorio","title":{"rendered":"2100W-3DG MEDIDOR MECANICO GIRATORIO-LUPUS"},"content":{"rendered":"<p>Em alum\u00ednio, para \u00f3leo Diesel. Possui exclusivo mecanismo de display rotativo, proporcionando maior versatilidade na instala\u00e7\u00e3o.<\/p>\n<p>&nbsp;<\/p>\n<p>Peso: 1,9 Kg<\/p>\n<p>Medidas: (A) 167 mm x (L) 196 mm x (C) 144 mm<\/p>\n","protected":false},"excerpt":{"rendered":"<p>Em alum\u00ednio, para \u00f3leo Diesel. Possui exclusivo mecanismo de display rotativo, proporcionando maior versatilidade na instala\u00e7\u00e3o. &nbsp; Peso: 1,9 Kg Medidas: (A) 167 mm x (L) 196 mm x (C) 144 mm<\/p>\n","protected":false},"featured_media":9543,"comment_status":"open","ping_status":"closed","template":"","meta":{"_exactmetrics_skip_tracking":false,"_exactmetrics_sitenote_active":false,"_exactmetrics_sitenote_note":"","_exactmetrics_sitenote_category":0},"product_brand":[],"product_cat":[109],"product_tag":[],"class_list":{"0":"post-9545","1":"product","2":"type-product","3":"status-publish","4":"has-post-thumbnail","6":"product_cat-medidor-mecanico","8":"first","9":"instock","10":"shipping-taxable","11":"product-type-simple"},"_links":{"self":[{"href":"https:\/\/totallubri.com.br\/index.php?rest_route=\/wp\/v2\/product\/9545","targetHints":{"allow":["GET"]}}],"collection":[{"href":"https:\/\/totallubri.com.br\/index.php?rest_route=\/wp\/v2\/product"}],"about":[{"href":"https:\/\/totallubri.com.br\/index.php?rest_route=\/wp\/v2\/types\/product"}],"replies":[{"embeddable":true,"href":"https:\/\/totallubri.com.br\/index.php?rest_route=%2Fwp%2Fv2%2Fcomments&post=9545"}],"wp:featuredmedia":[{"embeddable":true,"href":"https:\/\/totallubri.com.br\/index.php?rest_route=\/wp\/v2\/media\/9543"}],"wp:attachment":[{"href":"https:\/\/totallubri.com.br\/index.php?rest_route=%2Fwp%2Fv2%2Fmedia&parent=9545"}],"wp:term":[{"taxonomy":"product_brand","embeddable":true,"href":"https:\/\/totallubri.com.br\/index.php?rest_route=%2Fwp%2Fv2%2Fproduct_brand&post=9545"},{"taxonomy":"product_cat","embeddable":true,"href":"https:\/\/totallubri.com.br\/index.php?rest_route=%2Fwp%2Fv2%2Fproduct_cat&post=9545"},{"taxonomy":"product_tag","embeddable":true,"href":"https:\/\/totallubri.com.br\/index.php?rest_route=%2Fwp%2Fv2%2Fproduct_tag&post=9545"}],"curies":[{"name":"wp","href":"https:\/\/api.w.org\/{rel}","templated":true}]}}