{"id":9561,"date":"2024-04-26T10:27:38","date_gmt":"2024-04-26T13:27:38","guid":{"rendered":"https:\/\/totallubri.com.br\/?post_type=product&#038;p=9561"},"modified":"2024-12-01T11:56:59","modified_gmt":"2024-12-01T14:56:59","slug":"2203-medidor-mecanico-2","status":"publish","type":"product","link":"https:\/\/totallubri.com.br\/?product=2203-medidor-mecanico-2","title":{"rendered":"2203 \u2013 MEDIDOR MECANICO-LUPUS"},"content":{"rendered":"<p>Em alum\u00ednio, permite o uso para flu\u00eddos de diversas viscosidades, display mec\u00e2nico de f\u00e1cil opera\u00e7\u00e3o e simples leitura.<\/p>\n<p>&nbsp;<\/p>\n<p>Peso: 6,7 Kg<\/p>\n<p>Medidas: (A) 490 mm x (L) 280 mm x (C) 250 mm<\/p>\n","protected":false},"excerpt":{"rendered":"<p>Em alum\u00ednio, permite o uso para flu\u00eddos de diversas viscosidades, display mec\u00e2nico de f\u00e1cil opera\u00e7\u00e3o e simples leitura. &nbsp; Peso: 6,7 Kg Medidas: (A) 490 mm x (L) 280 mm x (C) 250 mm<\/p>\n","protected":false},"featured_media":9554,"comment_status":"open","ping_status":"closed","template":"","meta":{"_exactmetrics_skip_tracking":false,"_exactmetrics_sitenote_active":false,"_exactmetrics_sitenote_note":"","_exactmetrics_sitenote_category":0},"product_brand":[],"product_cat":[109],"product_tag":[],"class_list":{"0":"post-9561","1":"product","2":"type-product","3":"status-publish","4":"has-post-thumbnail","6":"product_cat-medidor-mecanico","8":"first","9":"instock","10":"shipping-taxable","11":"product-type-simple"},"_links":{"self":[{"href":"https:\/\/totallubri.com.br\/index.php?rest_route=\/wp\/v2\/product\/9561","targetHints":{"allow":["GET"]}}],"collection":[{"href":"https:\/\/totallubri.com.br\/index.php?rest_route=\/wp\/v2\/product"}],"about":[{"href":"https:\/\/totallubri.com.br\/index.php?rest_route=\/wp\/v2\/types\/product"}],"replies":[{"embeddable":true,"href":"https:\/\/totallubri.com.br\/index.php?rest_route=%2Fwp%2Fv2%2Fcomments&post=9561"}],"wp:featuredmedia":[{"embeddable":true,"href":"https:\/\/totallubri.com.br\/index.php?rest_route=\/wp\/v2\/media\/9554"}],"wp:attachment":[{"href":"https:\/\/totallubri.com.br\/index.php?rest_route=%2Fwp%2Fv2%2Fmedia&parent=9561"}],"wp:term":[{"taxonomy":"product_brand","embeddable":true,"href":"https:\/\/totallubri.com.br\/index.php?rest_route=%2Fwp%2Fv2%2Fproduct_brand&post=9561"},{"taxonomy":"product_cat","embeddable":true,"href":"https:\/\/totallubri.com.br\/index.php?rest_route=%2Fwp%2Fv2%2Fproduct_cat&post=9561"},{"taxonomy":"product_tag","embeddable":true,"href":"https:\/\/totallubri.com.br\/index.php?rest_route=%2Fwp%2Fv2%2Fproduct_tag&post=9561"}],"curies":[{"name":"wp","href":"https:\/\/api.w.org\/{rel}","templated":true}]}}