{"id":9572,"date":"2024-04-26T15:03:10","date_gmt":"2024-04-26T18:03:10","guid":{"rendered":"https:\/\/totallubri.com.br\/?post_type=product&#038;p=9572"},"modified":"2024-11-30T17:57:36","modified_gmt":"2024-11-30T20:57:36","slug":"2128-medidor-digital","status":"publish","type":"product","link":"https:\/\/totallubri.com.br\/?product=2128-medidor-digital","title":{"rendered":"2128 \u2013 MEDIDOR DIGITAL \u2013 LUPUS"},"content":{"rendered":"<p>Em alum\u00ednio, com display digital e mostrador parcial reset\u00e1vel, para \u00f3leo lubrificante.<\/p>\n<p>&nbsp;<\/p>\n<p>Peso: 0,5 Kg<\/p>\n<p>Medidas: (C) 92 mm x (L) 92 mm x (A) 62 mm<\/p>\n","protected":false},"excerpt":{"rendered":"<p>Em alum\u00ednio, com display digital e mostrador parcial reset\u00e1vel, para \u00f3leo lubrificante. &nbsp; Peso: 0,5 Kg Medidas: (C) 92 mm x (L) 92 mm x (A) 62 mm<\/p>\n","protected":false},"featured_media":9573,"comment_status":"open","ping_status":"closed","template":"","meta":{"_exactmetrics_skip_tracking":false,"_exactmetrics_sitenote_active":false,"_exactmetrics_sitenote_note":"","_exactmetrics_sitenote_category":0},"product_brand":[],"product_cat":[108],"product_tag":[],"class_list":{"0":"post-9572","1":"product","2":"type-product","3":"status-publish","4":"has-post-thumbnail","6":"product_cat-medidor-digital","8":"first","9":"instock","10":"shipping-taxable","11":"product-type-simple"},"_links":{"self":[{"href":"https:\/\/totallubri.com.br\/index.php?rest_route=\/wp\/v2\/product\/9572","targetHints":{"allow":["GET"]}}],"collection":[{"href":"https:\/\/totallubri.com.br\/index.php?rest_route=\/wp\/v2\/product"}],"about":[{"href":"https:\/\/totallubri.com.br\/index.php?rest_route=\/wp\/v2\/types\/product"}],"replies":[{"embeddable":true,"href":"https:\/\/totallubri.com.br\/index.php?rest_route=%2Fwp%2Fv2%2Fcomments&post=9572"}],"wp:featuredmedia":[{"embeddable":true,"href":"https:\/\/totallubri.com.br\/index.php?rest_route=\/wp\/v2\/media\/9573"}],"wp:attachment":[{"href":"https:\/\/totallubri.com.br\/index.php?rest_route=%2Fwp%2Fv2%2Fmedia&parent=9572"}],"wp:term":[{"taxonomy":"product_brand","embeddable":true,"href":"https:\/\/totallubri.com.br\/index.php?rest_route=%2Fwp%2Fv2%2Fproduct_brand&post=9572"},{"taxonomy":"product_cat","embeddable":true,"href":"https:\/\/totallubri.com.br\/index.php?rest_route=%2Fwp%2Fv2%2Fproduct_cat&post=9572"},{"taxonomy":"product_tag","embeddable":true,"href":"https:\/\/totallubri.com.br\/index.php?rest_route=%2Fwp%2Fv2%2Fproduct_tag&post=9572"}],"curies":[{"name":"wp","href":"https:\/\/api.w.org\/{rel}","templated":true}]}}