{"id":9585,"date":"2024-04-29T10:01:54","date_gmt":"2024-04-29T13:01:54","guid":{"rendered":"https:\/\/totallubri.com.br\/?post_type=product&#038;p=9585"},"modified":"2024-11-30T17:50:05","modified_gmt":"2024-11-30T20:50:05","slug":"2100s-df-medidor-digital","status":"publish","type":"product","link":"https:\/\/totallubri.com.br\/?product=2100s-df-medidor-digital","title":{"rendered":"2100S-DF MEDIDOR DIGITAL-LUPUS"},"content":{"rendered":"<p>Em a\u00e7o carbono, alta press\u00e3o, com medidor digital para controle do volume dispensado.<br \/>\nAcompanha: Acoplador e Conex\u00e3o girat\u00f3ria Z.<\/p>\n<p>&nbsp;<\/p>\n<p>Peso: 1,25 kg<br \/>\nMedidas: (C) 450 mm x (L) 64 mm X (A) 300 mm<\/p>\n","protected":false},"excerpt":{"rendered":"<p>Em a\u00e7o carbono, alta press\u00e3o, com medidor digital para controle do volume dispensado. Acompanha: Acoplador e Conex\u00e3o girat\u00f3ria Z. &nbsp; Peso: 1,25 kg Medidas: (C) 450 mm x (L) 64 mm X (A) 300 mm<\/p>\n","protected":false},"featured_media":9587,"comment_status":"open","ping_status":"closed","template":"","meta":{"_exactmetrics_skip_tracking":false,"_exactmetrics_sitenote_active":false,"_exactmetrics_sitenote_note":"","_exactmetrics_sitenote_category":0},"product_brand":[],"product_cat":[108],"product_tag":[],"class_list":{"0":"post-9585","1":"product","2":"type-product","3":"status-publish","4":"has-post-thumbnail","6":"product_cat-medidor-digital","8":"first","9":"instock","10":"shipping-taxable","11":"product-type-simple"},"_links":{"self":[{"href":"https:\/\/totallubri.com.br\/index.php?rest_route=\/wp\/v2\/product\/9585","targetHints":{"allow":["GET"]}}],"collection":[{"href":"https:\/\/totallubri.com.br\/index.php?rest_route=\/wp\/v2\/product"}],"about":[{"href":"https:\/\/totallubri.com.br\/index.php?rest_route=\/wp\/v2\/types\/product"}],"replies":[{"embeddable":true,"href":"https:\/\/totallubri.com.br\/index.php?rest_route=%2Fwp%2Fv2%2Fcomments&post=9585"}],"wp:featuredmedia":[{"embeddable":true,"href":"https:\/\/totallubri.com.br\/index.php?rest_route=\/wp\/v2\/media\/9587"}],"wp:attachment":[{"href":"https:\/\/totallubri.com.br\/index.php?rest_route=%2Fwp%2Fv2%2Fmedia&parent=9585"}],"wp:term":[{"taxonomy":"product_brand","embeddable":true,"href":"https:\/\/totallubri.com.br\/index.php?rest_route=%2Fwp%2Fv2%2Fproduct_brand&post=9585"},{"taxonomy":"product_cat","embeddable":true,"href":"https:\/\/totallubri.com.br\/index.php?rest_route=%2Fwp%2Fv2%2Fproduct_cat&post=9585"},{"taxonomy":"product_tag","embeddable":true,"href":"https:\/\/totallubri.com.br\/index.php?rest_route=%2Fwp%2Fv2%2Fproduct_tag&post=9585"}],"curies":[{"name":"wp","href":"https:\/\/api.w.org\/{rel}","templated":true}]}}