{"id":9608,"date":"2024-04-29T10:38:52","date_gmt":"2024-04-29T13:38:52","guid":{"rendered":"https:\/\/totallubri.com.br\/?post_type=product&#038;p=9608"},"modified":"2024-11-25T22:37:41","modified_gmt":"2024-11-26T01:37:41","slug":"2124w-refratometro","status":"publish","type":"product","link":"https:\/\/totallubri.com.br\/?product=2124w-refratometro","title":{"rendered":"2124W \u2013 REFRATOMETRO-LUPUS"},"content":{"rendered":"<p>Em pol\u00edmero de alto impacto, indicado para medir o teor de concentra\u00e7\u00e3o de Ureia no fluido Arla32. Pode ser usado para medir tamb\u00e9m os fluidos limpa para-brisa, fluido de arrefecimento e Propileno Glicol.<\/p>\n<p>&nbsp;<\/p>\n<p>Peso: 0,2 Kg<\/p>\n<p>Medidas: (C) 145 mm x (L) 65 mm x (A) 40 mm<\/p>\n","protected":false},"excerpt":{"rendered":"<p>Em pol\u00edmero de alto impacto, indicado para medir o teor de concentra\u00e7\u00e3o de Ureia no fluido Arla32. Pode ser usado para medir tamb\u00e9m os fluidos limpa para-brisa, fluido de arrefecimento e Propileno Glicol. &nbsp; Peso: 0,2 Kg Medidas: (C) 145 mm x (L) 65 mm x (A) 40 mm<\/p>\n","protected":false},"featured_media":9609,"comment_status":"open","ping_status":"closed","template":"","meta":{"_exactmetrics_skip_tracking":false,"_exactmetrics_sitenote_active":false,"_exactmetrics_sitenote_note":"","_exactmetrics_sitenote_category":0},"product_brand":[],"product_cat":[102],"product_tag":[],"class_list":{"0":"post-9608","1":"product","2":"type-product","3":"status-publish","4":"has-post-thumbnail","6":"product_cat-equipamentos-para-analise-e-medicoes","8":"first","9":"instock","10":"shipping-taxable","11":"product-type-simple"},"_links":{"self":[{"href":"https:\/\/totallubri.com.br\/index.php?rest_route=\/wp\/v2\/product\/9608","targetHints":{"allow":["GET"]}}],"collection":[{"href":"https:\/\/totallubri.com.br\/index.php?rest_route=\/wp\/v2\/product"}],"about":[{"href":"https:\/\/totallubri.com.br\/index.php?rest_route=\/wp\/v2\/types\/product"}],"replies":[{"embeddable":true,"href":"https:\/\/totallubri.com.br\/index.php?rest_route=%2Fwp%2Fv2%2Fcomments&post=9608"}],"wp:featuredmedia":[{"embeddable":true,"href":"https:\/\/totallubri.com.br\/index.php?rest_route=\/wp\/v2\/media\/9609"}],"wp:attachment":[{"href":"https:\/\/totallubri.com.br\/index.php?rest_route=%2Fwp%2Fv2%2Fmedia&parent=9608"}],"wp:term":[{"taxonomy":"product_brand","embeddable":true,"href":"https:\/\/totallubri.com.br\/index.php?rest_route=%2Fwp%2Fv2%2Fproduct_brand&post=9608"},{"taxonomy":"product_cat","embeddable":true,"href":"https:\/\/totallubri.com.br\/index.php?rest_route=%2Fwp%2Fv2%2Fproduct_cat&post=9608"},{"taxonomy":"product_tag","embeddable":true,"href":"https:\/\/totallubri.com.br\/index.php?rest_route=%2Fwp%2Fv2%2Fproduct_tag&post=9608"}],"curies":[{"name":"wp","href":"https:\/\/api.w.org\/{rel}","templated":true}]}}