{"id":9624,"date":"2024-04-29T10:53:38","date_gmt":"2024-04-29T13:53:38","guid":{"rendered":"https:\/\/totallubri.com.br\/?post_type=product&#038;p=9624"},"modified":"2024-12-05T17:59:36","modified_gmt":"2024-12-05T20:59:36","slug":"2045w-balde-graduado-em-aco-inox","status":"publish","type":"product","link":"https:\/\/totallubri.com.br\/?product=2045w-balde-graduado-em-aco-inox","title":{"rendered":"2045W \u2013 BALDE GRADUADO EM A\u00c7O INOX-LUPUS"},"content":{"rendered":"<p>Gradua\u00e7\u00e3o gravada no corpo do balde.<\/p>\n<p>&nbsp;<\/p>\n<p>Peso: 1,51 Kg<\/p>\n<p>Di\u00e2metro da boca: \u00d8 345 mm<\/p>\n<p>Di\u00e2metro do fundo: \u00d8 230 mm<\/p>\n<p>Altura: 385 mm<\/p>\n","protected":false},"excerpt":{"rendered":"<p>Gradua\u00e7\u00e3o gravada no corpo do balde. &nbsp; Peso: 1,51 Kg Di\u00e2metro da boca: \u00d8 345 mm Di\u00e2metro do fundo: \u00d8 230 mm Altura: 385 mm<\/p>\n","protected":false},"featured_media":9618,"comment_status":"open","ping_status":"closed","template":"","meta":{"_exactmetrics_skip_tracking":false,"_exactmetrics_sitenote_active":false,"_exactmetrics_sitenote_note":"","_exactmetrics_sitenote_category":0},"product_brand":[],"product_cat":[114],"product_tag":[],"class_list":{"0":"post-9624","1":"product","2":"type-product","3":"status-publish","4":"has-post-thumbnail","6":"product_cat-solucoes-para-abastecimento","8":"first","9":"instock","10":"shipping-taxable","11":"product-type-simple"},"_links":{"self":[{"href":"https:\/\/totallubri.com.br\/index.php?rest_route=\/wp\/v2\/product\/9624","targetHints":{"allow":["GET"]}}],"collection":[{"href":"https:\/\/totallubri.com.br\/index.php?rest_route=\/wp\/v2\/product"}],"about":[{"href":"https:\/\/totallubri.com.br\/index.php?rest_route=\/wp\/v2\/types\/product"}],"replies":[{"embeddable":true,"href":"https:\/\/totallubri.com.br\/index.php?rest_route=%2Fwp%2Fv2%2Fcomments&post=9624"}],"wp:featuredmedia":[{"embeddable":true,"href":"https:\/\/totallubri.com.br\/index.php?rest_route=\/wp\/v2\/media\/9618"}],"wp:attachment":[{"href":"https:\/\/totallubri.com.br\/index.php?rest_route=%2Fwp%2Fv2%2Fmedia&parent=9624"}],"wp:term":[{"taxonomy":"product_brand","embeddable":true,"href":"https:\/\/totallubri.com.br\/index.php?rest_route=%2Fwp%2Fv2%2Fproduct_brand&post=9624"},{"taxonomy":"product_cat","embeddable":true,"href":"https:\/\/totallubri.com.br\/index.php?rest_route=%2Fwp%2Fv2%2Fproduct_cat&post=9624"},{"taxonomy":"product_tag","embeddable":true,"href":"https:\/\/totallubri.com.br\/index.php?rest_route=%2Fwp%2Fv2%2Fproduct_tag&post=9624"}],"curies":[{"name":"wp","href":"https:\/\/api.w.org\/{rel}","templated":true}]}}