{"id":9642,"date":"2024-04-29T13:51:12","date_gmt":"2024-04-29T16:51:12","guid":{"rendered":"https:\/\/totallubri.com.br\/?post_type=product&#038;p=9642"},"modified":"2024-11-27T17:01:18","modified_gmt":"2024-11-27T20:01:18","slug":"0836-valvula-de-esfera-para-ibc","status":"publish","type":"product","link":"https:\/\/totallubri.com.br\/?product=0836-valvula-de-esfera-para-ibc","title":{"rendered":"0836 \u2013 VALVULA DE ESFERA PARA IBC-LUPUS"},"content":{"rendered":"<p>Em polietileno, veda\u00e7\u00e3o em FKM, alavanca azul, tampa preta e vermelha, padr\u00e3o DN50.<\/p>\n<p>Peso: 0,49 kg<br \/>\nMedidas: (C) 160 x (L) 135 mm x (A) 135 mm<\/p>\n","protected":false},"excerpt":{"rendered":"<p>Em polietileno, veda\u00e7\u00e3o em FKM, alavanca azul, tampa preta e vermelha, padr\u00e3o DN50. Peso: 0,49 kg Medidas: (C) 160 x (L) 135 mm x (A) 135 mm<\/p>\n","protected":false},"featured_media":9640,"comment_status":"open","ping_status":"closed","template":"","meta":{"_exactmetrics_skip_tracking":false,"_exactmetrics_sitenote_active":false,"_exactmetrics_sitenote_note":"","_exactmetrics_sitenote_category":0},"product_brand":[],"product_cat":[105],"product_tag":[],"class_list":{"0":"post-9642","1":"product","2":"type-product","3":"status-publish","4":"has-post-thumbnail","6":"product_cat-acessorios-para-ibc","8":"first","9":"instock","10":"shipping-taxable","11":"product-type-simple"},"_links":{"self":[{"href":"https:\/\/totallubri.com.br\/index.php?rest_route=\/wp\/v2\/product\/9642","targetHints":{"allow":["GET"]}}],"collection":[{"href":"https:\/\/totallubri.com.br\/index.php?rest_route=\/wp\/v2\/product"}],"about":[{"href":"https:\/\/totallubri.com.br\/index.php?rest_route=\/wp\/v2\/types\/product"}],"replies":[{"embeddable":true,"href":"https:\/\/totallubri.com.br\/index.php?rest_route=%2Fwp%2Fv2%2Fcomments&post=9642"}],"wp:featuredmedia":[{"embeddable":true,"href":"https:\/\/totallubri.com.br\/index.php?rest_route=\/wp\/v2\/media\/9640"}],"wp:attachment":[{"href":"https:\/\/totallubri.com.br\/index.php?rest_route=%2Fwp%2Fv2%2Fmedia&parent=9642"}],"wp:term":[{"taxonomy":"product_brand","embeddable":true,"href":"https:\/\/totallubri.com.br\/index.php?rest_route=%2Fwp%2Fv2%2Fproduct_brand&post=9642"},{"taxonomy":"product_cat","embeddable":true,"href":"https:\/\/totallubri.com.br\/index.php?rest_route=%2Fwp%2Fv2%2Fproduct_cat&post=9642"},{"taxonomy":"product_tag","embeddable":true,"href":"https:\/\/totallubri.com.br\/index.php?rest_route=%2Fwp%2Fv2%2Fproduct_tag&post=9642"}],"curies":[{"name":"wp","href":"https:\/\/api.w.org\/{rel}","templated":true}]}}