{"id":9690,"date":"2024-04-29T16:41:41","date_gmt":"2024-04-29T19:41:41","guid":{"rendered":"https:\/\/totallubri.com.br\/?post_type=product&#038;p=9690"},"modified":"2025-04-02T15:58:29","modified_gmt":"2025-04-02T18:58:29","slug":"0809-adaptador-camlock-para-ibc","status":"publish","type":"product","link":"https:\/\/totallubri.com.br\/?product=0809-adaptador-camlock-para-ibc","title":{"rendered":"0809 \u2013 ADAPTADOR CAMLOCK PARA IBC-LUPUS"},"content":{"rendered":"<p>Em Polietileno.<\/p>\n<p>Peso: 0,085 Kg<br \/>\nMedidas: (\u00d8) 89 mm x (A) 69 mm<\/p>\n<h2>Informa\u00e7\u00e3o adicional<\/h2>\n<table class=\"woocommerce-product-attributes shop_attributes\">\n<tbody>\n<tr class=\"woocommerce-product-attributes-item woocommerce-product-attributes-item--attribute_pa_rosca-ibc\">\n<th class=\"woocommerce-product-attributes-item__label\">Rosca IBC<\/th>\n<td class=\"woocommerce-product-attributes-item__value\">2\u201d S60*6 (F)<\/td>\n<\/tr>\n<tr class=\"woocommerce-product-attributes-item woocommerce-product-attributes-item--attribute_pa_camlock\">\n<th class=\"woocommerce-product-attributes-item__label\">Camlock<\/th>\n<td class=\"woocommerce-product-attributes-item__value\">1.1\/2\u201d<\/td>\n<\/tr>\n<\/tbody>\n<\/table>\n","protected":false},"excerpt":{"rendered":"<p>Em Polietileno. Peso: 0,085 Kg Medidas: (\u00d8) 89 mm x (A) 69 mm Informa\u00e7\u00e3o adicional Rosca IBC 2\u201d S60*6 (F) Camlock 1.1\/2\u201d<\/p>\n","protected":false},"featured_media":9686,"comment_status":"open","ping_status":"closed","template":"","meta":{"_exactmetrics_skip_tracking":false,"_exactmetrics_sitenote_active":false,"_exactmetrics_sitenote_note":"","_exactmetrics_sitenote_category":0},"product_brand":[],"product_cat":[105],"product_tag":[],"class_list":{"0":"post-9690","1":"product","2":"type-product","3":"status-publish","4":"has-post-thumbnail","6":"product_cat-acessorios-para-ibc","8":"first","9":"instock","10":"shipping-taxable","11":"product-type-simple"},"_links":{"self":[{"href":"https:\/\/totallubri.com.br\/index.php?rest_route=\/wp\/v2\/product\/9690","targetHints":{"allow":["GET"]}}],"collection":[{"href":"https:\/\/totallubri.com.br\/index.php?rest_route=\/wp\/v2\/product"}],"about":[{"href":"https:\/\/totallubri.com.br\/index.php?rest_route=\/wp\/v2\/types\/product"}],"replies":[{"embeddable":true,"href":"https:\/\/totallubri.com.br\/index.php?rest_route=%2Fwp%2Fv2%2Fcomments&post=9690"}],"wp:featuredmedia":[{"embeddable":true,"href":"https:\/\/totallubri.com.br\/index.php?rest_route=\/wp\/v2\/media\/9686"}],"wp:attachment":[{"href":"https:\/\/totallubri.com.br\/index.php?rest_route=%2Fwp%2Fv2%2Fmedia&parent=9690"}],"wp:term":[{"taxonomy":"product_brand","embeddable":true,"href":"https:\/\/totallubri.com.br\/index.php?rest_route=%2Fwp%2Fv2%2Fproduct_brand&post=9690"},{"taxonomy":"product_cat","embeddable":true,"href":"https:\/\/totallubri.com.br\/index.php?rest_route=%2Fwp%2Fv2%2Fproduct_cat&post=9690"},{"taxonomy":"product_tag","embeddable":true,"href":"https:\/\/totallubri.com.br\/index.php?rest_route=%2Fwp%2Fv2%2Fproduct_tag&post=9690"}],"curies":[{"name":"wp","href":"https:\/\/api.w.org\/{rel}","templated":true}]}}