{"id":9829,"date":"2024-05-07T17:24:10","date_gmt":"2024-05-07T20:24:10","guid":{"rendered":"https:\/\/totallubri.com.br\/?post_type=product&#038;p=9829"},"modified":"2024-11-28T17:15:29","modified_gmt":"2024-11-28T20:15:29","slug":"9060w-coletor-de-oleo-com-rodas-acopladas","status":"publish","type":"product","link":"https:\/\/totallubri.com.br\/?product=9060w-coletor-de-oleo-com-rodas-acopladas","title":{"rendered":"9060W \u2013 COLETOR DE OLEO COM RODAS ACOPLADAS-LUPUS"},"content":{"rendered":"<p>Em chapa de a\u00e7o, com buj\u00e3o de escoamento, n\u00edvel e bacia com regulagem de altura.<\/p>\n<p>Peso: 15,5 Kg<\/p>\n<p>Medidas: (L) 450 mm x (A) min.:<br \/>\n870 mm m\u00e1x.: 1750 mm<\/p>\n","protected":false},"excerpt":{"rendered":"<p>Em chapa de a\u00e7o, com buj\u00e3o de escoamento, n\u00edvel e bacia com regulagem de altura. Peso: 15,5 Kg Medidas: (L) 450 mm x (A) min.: 870 mm m\u00e1x.: 1750 mm<\/p>\n","protected":false},"featured_media":9830,"comment_status":"open","ping_status":"closed","template":"","meta":{"_exactmetrics_skip_tracking":false,"_exactmetrics_sitenote_active":false,"_exactmetrics_sitenote_note":"","_exactmetrics_sitenote_category":0},"product_brand":[],"product_cat":[107],"product_tag":[],"class_list":{"0":"post-9829","1":"product","2":"type-product","3":"status-publish","4":"has-post-thumbnail","6":"product_cat-equipamentos-para-troca-de-oleo","8":"first","9":"instock","10":"shipping-taxable","11":"product-type-simple"},"_links":{"self":[{"href":"https:\/\/totallubri.com.br\/index.php?rest_route=\/wp\/v2\/product\/9829","targetHints":{"allow":["GET"]}}],"collection":[{"href":"https:\/\/totallubri.com.br\/index.php?rest_route=\/wp\/v2\/product"}],"about":[{"href":"https:\/\/totallubri.com.br\/index.php?rest_route=\/wp\/v2\/types\/product"}],"replies":[{"embeddable":true,"href":"https:\/\/totallubri.com.br\/index.php?rest_route=%2Fwp%2Fv2%2Fcomments&post=9829"}],"wp:featuredmedia":[{"embeddable":true,"href":"https:\/\/totallubri.com.br\/index.php?rest_route=\/wp\/v2\/media\/9830"}],"wp:attachment":[{"href":"https:\/\/totallubri.com.br\/index.php?rest_route=%2Fwp%2Fv2%2Fmedia&parent=9829"}],"wp:term":[{"taxonomy":"product_brand","embeddable":true,"href":"https:\/\/totallubri.com.br\/index.php?rest_route=%2Fwp%2Fv2%2Fproduct_brand&post=9829"},{"taxonomy":"product_cat","embeddable":true,"href":"https:\/\/totallubri.com.br\/index.php?rest_route=%2Fwp%2Fv2%2Fproduct_cat&post=9829"},{"taxonomy":"product_tag","embeddable":true,"href":"https:\/\/totallubri.com.br\/index.php?rest_route=%2Fwp%2Fv2%2Fproduct_tag&post=9829"}],"curies":[{"name":"wp","href":"https:\/\/api.w.org\/{rel}","templated":true}]}}