{"id":9835,"date":"2024-05-07T17:30:55","date_gmt":"2024-05-07T20:30:55","guid":{"rendered":"https:\/\/totallubri.com.br\/?post_type=product&#038;p=9835"},"modified":"2024-11-28T17:08:16","modified_gmt":"2024-11-28T20:08:16","slug":"9003-d-coletor-tipo-carrinho","status":"publish","type":"product","link":"https:\/\/totallubri.com.br\/?product=9003-d-coletor-tipo-carrinho","title":{"rendered":"9003-D COLETOR TIPO CARRINHO-LUPUS"},"content":{"rendered":"<p>Em chapa de a\u00e7o, usado em carros e caminhonetes, com buj\u00e3o de escoamento, bandeja com tela de prote\u00e7\u00e3o, registro e quebra-ondas.<\/p>\n<p>&nbsp;<\/p>\n<p>Peso: 22 Kg<\/p>\n<p>Medidas: (A) 270 mm x (L) 670 mm x (C) 810 mm<\/p>\n","protected":false},"excerpt":{"rendered":"<p>Em chapa de a\u00e7o, usado em carros e caminhonetes, com buj\u00e3o de escoamento, bandeja com tela de prote\u00e7\u00e3o, registro e quebra-ondas. &nbsp; Peso: 22 Kg Medidas: (A) 270 mm x (L) 670 mm x (C) 810 mm<\/p>\n","protected":false},"featured_media":9836,"comment_status":"open","ping_status":"closed","template":"","meta":{"_exactmetrics_skip_tracking":false,"_exactmetrics_sitenote_active":false,"_exactmetrics_sitenote_note":"","_exactmetrics_sitenote_category":0},"product_brand":[],"product_cat":[107],"product_tag":[],"class_list":{"0":"post-9835","1":"product","2":"type-product","3":"status-publish","4":"has-post-thumbnail","6":"product_cat-equipamentos-para-troca-de-oleo","8":"first","9":"instock","10":"shipping-taxable","11":"product-type-simple"},"_links":{"self":[{"href":"https:\/\/totallubri.com.br\/index.php?rest_route=\/wp\/v2\/product\/9835","targetHints":{"allow":["GET"]}}],"collection":[{"href":"https:\/\/totallubri.com.br\/index.php?rest_route=\/wp\/v2\/product"}],"about":[{"href":"https:\/\/totallubri.com.br\/index.php?rest_route=\/wp\/v2\/types\/product"}],"replies":[{"embeddable":true,"href":"https:\/\/totallubri.com.br\/index.php?rest_route=%2Fwp%2Fv2%2Fcomments&post=9835"}],"wp:featuredmedia":[{"embeddable":true,"href":"https:\/\/totallubri.com.br\/index.php?rest_route=\/wp\/v2\/media\/9836"}],"wp:attachment":[{"href":"https:\/\/totallubri.com.br\/index.php?rest_route=%2Fwp%2Fv2%2Fmedia&parent=9835"}],"wp:term":[{"taxonomy":"product_brand","embeddable":true,"href":"https:\/\/totallubri.com.br\/index.php?rest_route=%2Fwp%2Fv2%2Fproduct_brand&post=9835"},{"taxonomy":"product_cat","embeddable":true,"href":"https:\/\/totallubri.com.br\/index.php?rest_route=%2Fwp%2Fv2%2Fproduct_cat&post=9835"},{"taxonomy":"product_tag","embeddable":true,"href":"https:\/\/totallubri.com.br\/index.php?rest_route=%2Fwp%2Fv2%2Fproduct_tag&post=9835"}],"curies":[{"name":"wp","href":"https:\/\/api.w.org\/{rel}","templated":true}]}}