{"id":9843,"date":"2024-05-07T17:39:00","date_gmt":"2024-05-07T20:39:00","guid":{"rendered":"https:\/\/totallubri.com.br\/?post_type=product&#038;p=9843"},"modified":"2024-11-29T11:28:19","modified_gmt":"2024-11-29T14:28:19","slug":"9804-unidade-pressurizada-de-succao-de-oleo-pantografica","status":"publish","type":"product","link":"https:\/\/totallubri.com.br\/?product=9804-unidade-pressurizada-de-succao-de-oleo-pantografica","title":{"rendered":"9804 \u2013 UNIDADE PRESSURIZADA DE SUC\u00c7\u00c3O DE OLEO PANTOGRAFICA-LUPUS"},"content":{"rendered":"<p>Com reservat\u00f3rio em chapa de a\u00e7o com acabamento em pintura ep\u00f3xi, indicador de n\u00edvel e rodas acopladas.<\/p>\n<p>&nbsp;<\/p>\n<p>Peso: 52 Kg<\/p>\n<p>Medidas (bacia): (L) 490 mm<\/p>\n<p>Medidas (total): (A) 1550 mm x (L) 600 mm<\/p>\n","protected":false},"excerpt":{"rendered":"<p>Com reservat\u00f3rio em chapa de a\u00e7o com acabamento em pintura ep\u00f3xi, indicador de n\u00edvel e rodas acopladas. &nbsp; Peso: 52 Kg Medidas (bacia): (L) 490 mm Medidas (total): (A) 1550 mm x (L) 600 mm<\/p>\n","protected":false},"featured_media":9844,"comment_status":"open","ping_status":"closed","template":"","meta":{"_exactmetrics_skip_tracking":false,"_exactmetrics_sitenote_active":false,"_exactmetrics_sitenote_note":"","_exactmetrics_sitenote_category":0},"product_brand":[],"product_cat":[107],"product_tag":[],"class_list":{"0":"post-9843","1":"product","2":"type-product","3":"status-publish","4":"has-post-thumbnail","6":"product_cat-equipamentos-para-troca-de-oleo","8":"first","9":"instock","10":"shipping-taxable","11":"product-type-simple"},"_links":{"self":[{"href":"https:\/\/totallubri.com.br\/index.php?rest_route=\/wp\/v2\/product\/9843","targetHints":{"allow":["GET"]}}],"collection":[{"href":"https:\/\/totallubri.com.br\/index.php?rest_route=\/wp\/v2\/product"}],"about":[{"href":"https:\/\/totallubri.com.br\/index.php?rest_route=\/wp\/v2\/types\/product"}],"replies":[{"embeddable":true,"href":"https:\/\/totallubri.com.br\/index.php?rest_route=%2Fwp%2Fv2%2Fcomments&post=9843"}],"wp:featuredmedia":[{"embeddable":true,"href":"https:\/\/totallubri.com.br\/index.php?rest_route=\/wp\/v2\/media\/9844"}],"wp:attachment":[{"href":"https:\/\/totallubri.com.br\/index.php?rest_route=%2Fwp%2Fv2%2Fmedia&parent=9843"}],"wp:term":[{"taxonomy":"product_brand","embeddable":true,"href":"https:\/\/totallubri.com.br\/index.php?rest_route=%2Fwp%2Fv2%2Fproduct_brand&post=9843"},{"taxonomy":"product_cat","embeddable":true,"href":"https:\/\/totallubri.com.br\/index.php?rest_route=%2Fwp%2Fv2%2Fproduct_cat&post=9843"},{"taxonomy":"product_tag","embeddable":true,"href":"https:\/\/totallubri.com.br\/index.php?rest_route=%2Fwp%2Fv2%2Fproduct_tag&post=9843"}],"curies":[{"name":"wp","href":"https:\/\/api.w.org\/{rel}","templated":true}]}}