{"id":9945,"date":"2024-05-08T15:15:11","date_gmt":"2024-05-08T18:15:11","guid":{"rendered":"https:\/\/totallubri.com.br\/?post_type=product&#038;p=9945"},"modified":"2024-12-29T13:34:18","modified_gmt":"2024-12-29T16:34:18","slug":"4501-teclado-para-sitema-nexu","status":"publish","type":"product","link":"https:\/\/totallubri.com.br\/?product=4501-teclado-para-sitema-nexu","title":{"rendered":"4501 \u2013 TECLADO PARA SITEMA NEXU-SAMOA"},"content":{"rendered":"<p>Teclado para Sistema de gest\u00e3o de flu\u00eddos, respons\u00e1vel pela libera\u00e7\u00e3o de acesso aos operadores na oficina atrav\u00e9s de Pin cadastrado, e libera\u00e7\u00e3o do flu\u00eddo da Ordem de servi\u00e7o pr\u00e9-cadastrada no Software de gest\u00e3o. Possibilita visualiza\u00e7\u00e3o de relat\u00f3rios gerenciais diretamente na tela, controle de estoque, tarefas pr\u00e9-agendadas, em progresso e completadas. Possui tela de 7\u201d, teclas de acesso r\u00e1pido, teclado alfanum\u00e9rico, e fonte de alimenta\u00e7\u00e3o autocomutada integrada.<\/p>\n<p>&nbsp;<\/p>\n<p>Peso: 5,2 Kg<\/p>\n<p>Medidas: (C) 237 mm x (L) 165 mm x (A) 167 mm<\/p>\n","protected":false},"excerpt":{"rendered":"<p>Teclado para Sistema de gest\u00e3o de flu\u00eddos, respons\u00e1vel pela libera\u00e7\u00e3o de acesso aos operadores na oficina atrav\u00e9s de Pin cadastrado, e libera\u00e7\u00e3o do flu\u00eddo da Ordem de servi\u00e7o pr\u00e9-cadastrada no Software de gest\u00e3o. Possibilita visualiza\u00e7\u00e3o de relat\u00f3rios gerenciais diretamente na tela, controle de estoque, tarefas pr\u00e9-agendadas, em progresso e completadas. Possui tela de 7\u201d, teclas [&hellip;]<\/p>\n","protected":false},"featured_media":9947,"comment_status":"open","ping_status":"closed","template":"","meta":{"_exactmetrics_skip_tracking":false,"_exactmetrics_sitenote_active":false,"_exactmetrics_sitenote_note":"","_exactmetrics_sitenote_category":0},"product_brand":[],"product_cat":[114],"product_tag":[],"class_list":{"0":"post-9945","1":"product","2":"type-product","3":"status-publish","4":"has-post-thumbnail","6":"product_cat-solucoes-para-abastecimento","8":"first","9":"instock","10":"shipping-taxable","11":"product-type-simple"},"_links":{"self":[{"href":"https:\/\/totallubri.com.br\/index.php?rest_route=\/wp\/v2\/product\/9945","targetHints":{"allow":["GET"]}}],"collection":[{"href":"https:\/\/totallubri.com.br\/index.php?rest_route=\/wp\/v2\/product"}],"about":[{"href":"https:\/\/totallubri.com.br\/index.php?rest_route=\/wp\/v2\/types\/product"}],"replies":[{"embeddable":true,"href":"https:\/\/totallubri.com.br\/index.php?rest_route=%2Fwp%2Fv2%2Fcomments&post=9945"}],"wp:featuredmedia":[{"embeddable":true,"href":"https:\/\/totallubri.com.br\/index.php?rest_route=\/wp\/v2\/media\/9947"}],"wp:attachment":[{"href":"https:\/\/totallubri.com.br\/index.php?rest_route=%2Fwp%2Fv2%2Fmedia&parent=9945"}],"wp:term":[{"taxonomy":"product_brand","embeddable":true,"href":"https:\/\/totallubri.com.br\/index.php?rest_route=%2Fwp%2Fv2%2Fproduct_brand&post=9945"},{"taxonomy":"product_cat","embeddable":true,"href":"https:\/\/totallubri.com.br\/index.php?rest_route=%2Fwp%2Fv2%2Fproduct_cat&post=9945"},{"taxonomy":"product_tag","embeddable":true,"href":"https:\/\/totallubri.com.br\/index.php?rest_route=%2Fwp%2Fv2%2Fproduct_tag&post=9945"}],"curies":[{"name":"wp","href":"https:\/\/api.w.org\/{rel}","templated":true}]}}