{"id":9949,"date":"2024-05-08T15:18:39","date_gmt":"2024-05-08T18:18:39","guid":{"rendered":"https:\/\/totallubri.com.br\/?post_type=product&#038;p=9949"},"modified":"2024-12-29T13:32:09","modified_gmt":"2024-12-29T16:32:09","slug":"4502-eletrovalvula-com-display-para-sistema-nexu","status":"publish","type":"product","link":"https:\/\/totallubri.com.br\/?product=4502-eletrovalvula-com-display-para-sistema-nexu","title":{"rendered":"4502 \u2013 ELETROVALVULA COM DISPLAY PARA SISTEMA NEXU-SAMOA"},"content":{"rendered":"<p>Em alum\u00ednio, compat\u00edvel com o sistema de gest\u00e3o de flu\u00eddos. Possui medidor de pulso, eletrov\u00e1lvula dupla, display, e filtro integrado. Respons\u00e1vel realizar a abertura para passagem do flu\u00eddo, a medi\u00e7\u00e3o de volume e transmiss\u00e3o para o gatilho, e display para visualiza\u00e7\u00e3o instant\u00e2nea de abastecimento. Com leds indicativos de estado (v\u00e1lvula aberta\/fechada, modo by-pass ativado, estado de conex\u00e3o online ou off-line, indica\u00e7\u00e3o de final de linha), e bot\u00f5es para configura\u00e7\u00e3o. Necessita do conjunto de conectores para eletrov\u00e1lvulas (4503-01).<\/p>\n<p>&nbsp;<\/p>\n<p>Peso: 5,2 Kg<\/p>\n<p>Medidas: (C) 237 mm x (L) 165 mm x (A) 167 mm<\/p>\n","protected":false},"excerpt":{"rendered":"<p>Em alum\u00ednio, compat\u00edvel com o sistema de gest\u00e3o de flu\u00eddos. Possui medidor de pulso, eletrov\u00e1lvula dupla, display, e filtro integrado. Respons\u00e1vel realizar a abertura para passagem do flu\u00eddo, a medi\u00e7\u00e3o de volume e transmiss\u00e3o para o gatilho, e display para visualiza\u00e7\u00e3o instant\u00e2nea de abastecimento. Com leds indicativos de estado (v\u00e1lvula aberta\/fechada, modo by-pass ativado, estado [&hellip;]<\/p>\n","protected":false},"featured_media":9950,"comment_status":"open","ping_status":"closed","template":"","meta":{"_exactmetrics_skip_tracking":false,"_exactmetrics_sitenote_active":false,"_exactmetrics_sitenote_note":"","_exactmetrics_sitenote_category":0},"product_brand":[],"product_cat":[114],"product_tag":[],"class_list":{"0":"post-9949","1":"product","2":"type-product","3":"status-publish","4":"has-post-thumbnail","6":"product_cat-solucoes-para-abastecimento","8":"first","9":"instock","10":"shipping-taxable","11":"product-type-simple"},"_links":{"self":[{"href":"https:\/\/totallubri.com.br\/index.php?rest_route=\/wp\/v2\/product\/9949","targetHints":{"allow":["GET"]}}],"collection":[{"href":"https:\/\/totallubri.com.br\/index.php?rest_route=\/wp\/v2\/product"}],"about":[{"href":"https:\/\/totallubri.com.br\/index.php?rest_route=\/wp\/v2\/types\/product"}],"replies":[{"embeddable":true,"href":"https:\/\/totallubri.com.br\/index.php?rest_route=%2Fwp%2Fv2%2Fcomments&post=9949"}],"wp:featuredmedia":[{"embeddable":true,"href":"https:\/\/totallubri.com.br\/index.php?rest_route=\/wp\/v2\/media\/9950"}],"wp:attachment":[{"href":"https:\/\/totallubri.com.br\/index.php?rest_route=%2Fwp%2Fv2%2Fmedia&parent=9949"}],"wp:term":[{"taxonomy":"product_brand","embeddable":true,"href":"https:\/\/totallubri.com.br\/index.php?rest_route=%2Fwp%2Fv2%2Fproduct_brand&post=9949"},{"taxonomy":"product_cat","embeddable":true,"href":"https:\/\/totallubri.com.br\/index.php?rest_route=%2Fwp%2Fv2%2Fproduct_cat&post=9949"},{"taxonomy":"product_tag","embeddable":true,"href":"https:\/\/totallubri.com.br\/index.php?rest_route=%2Fwp%2Fv2%2Fproduct_tag&post=9949"}],"curies":[{"name":"wp","href":"https:\/\/api.w.org\/{rel}","templated":true}]}}