{"id":9955,"date":"2024-05-08T15:36:32","date_gmt":"2024-05-08T18:36:32","guid":{"rendered":"https:\/\/totallubri.com.br\/?post_type=product&#038;p=9955"},"modified":"2024-11-30T15:43:01","modified_gmt":"2024-11-30T18:43:01","slug":"2100s-nexu-valvula-para-controle-e-abastecimento-de-oleo","status":"publish","type":"product","link":"https:\/\/totallubri.com.br\/?product=2100s-nexu-valvula-para-controle-e-abastecimento-de-oleo","title":{"rendered":"2100s-NEXU \u2013 VALVULA PARA CONTROLE E ABASTECIMENTO DE OLEO-LUPUS"},"content":{"rendered":"<p>V\u00e1lvula para controle de abastecimento de \u00f3leo, com gatilho e Bico antigotejante. Compat\u00edvel com o sistemade gest\u00e3o de flu\u00eddos, respons\u00e1vel por dispensar o \u00f3leo diretamente no ponto de abastecimento. Possu\u00ed tecnologia de comunica\u00e7\u00e3o sem fio bluetooth, para retransmiss\u00e3o do volume medido pela v\u00e1lvula de controle, por isso, n\u00e3o possui medidor de pulso ou v\u00e1lvula solenoide integrada, garantindo maior robustez e confiabilidade no equipamento. Tela com indica\u00e7\u00e3o de n\u00edvel de bateria, estado da v\u00e1lvula (aberta\/fechada), indica\u00e7\u00e3o de volume dispensado e volume presetado, tipo de flu\u00eddo abastecido, e intensidade de sinal de comunica\u00e7\u00e3o.<\/p>\n<p>&nbsp;<\/p>\n<p>Peso: 5,2 Kg<\/p>\n<p>Medidas: (C) 237 mm x (L) 165 mm x (A) 167 mm<\/p>\n","protected":false},"excerpt":{"rendered":"<p>V\u00e1lvula para controle de abastecimento de \u00f3leo, com gatilho e Bico antigotejante. Compat\u00edvel com o sistemade gest\u00e3o de flu\u00eddos, respons\u00e1vel por dispensar o \u00f3leo diretamente no ponto de abastecimento. Possu\u00ed tecnologia de comunica\u00e7\u00e3o sem fio bluetooth, para retransmiss\u00e3o do volume medido pela v\u00e1lvula de controle, por isso, n\u00e3o possui medidor de pulso ou v\u00e1lvula solenoide [&hellip;]<\/p>\n","protected":false},"featured_media":9957,"comment_status":"open","ping_status":"closed","template":"","meta":{"_exactmetrics_skip_tracking":false,"_exactmetrics_sitenote_active":false,"_exactmetrics_sitenote_note":"","_exactmetrics_sitenote_category":0},"product_brand":[],"product_cat":[108],"product_tag":[],"class_list":{"0":"post-9955","1":"product","2":"type-product","3":"status-publish","4":"has-post-thumbnail","6":"product_cat-medidor-digital","8":"first","9":"instock","10":"shipping-taxable","11":"product-type-simple"},"_links":{"self":[{"href":"https:\/\/totallubri.com.br\/index.php?rest_route=\/wp\/v2\/product\/9955","targetHints":{"allow":["GET"]}}],"collection":[{"href":"https:\/\/totallubri.com.br\/index.php?rest_route=\/wp\/v2\/product"}],"about":[{"href":"https:\/\/totallubri.com.br\/index.php?rest_route=\/wp\/v2\/types\/product"}],"replies":[{"embeddable":true,"href":"https:\/\/totallubri.com.br\/index.php?rest_route=%2Fwp%2Fv2%2Fcomments&post=9955"}],"wp:featuredmedia":[{"embeddable":true,"href":"https:\/\/totallubri.com.br\/index.php?rest_route=\/wp\/v2\/media\/9957"}],"wp:attachment":[{"href":"https:\/\/totallubri.com.br\/index.php?rest_route=%2Fwp%2Fv2%2Fmedia&parent=9955"}],"wp:term":[{"taxonomy":"product_brand","embeddable":true,"href":"https:\/\/totallubri.com.br\/index.php?rest_route=%2Fwp%2Fv2%2Fproduct_brand&post=9955"},{"taxonomy":"product_cat","embeddable":true,"href":"https:\/\/totallubri.com.br\/index.php?rest_route=%2Fwp%2Fv2%2Fproduct_cat&post=9955"},{"taxonomy":"product_tag","embeddable":true,"href":"https:\/\/totallubri.com.br\/index.php?rest_route=%2Fwp%2Fv2%2Fproduct_tag&post=9955"}],"curies":[{"name":"wp","href":"https:\/\/api.w.org\/{rel}","templated":true}]}}