{"id":9959,"date":"2024-05-08T15:41:42","date_gmt":"2024-05-08T18:41:42","guid":{"rendered":"https:\/\/totallubri.com.br\/?post_type=product&#038;p=9959"},"modified":"2025-01-28T12:57:18","modified_gmt":"2025-01-28T15:57:18","slug":"0360-toalha-3d-absorvente","status":"publish","type":"product","link":"https:\/\/totallubri.com.br\/?product=0360-toalha-3d-absorvente","title":{"rendered":"0360 \u2013 TOALHA 3D ABSORVENTE-LUPUS"},"content":{"rendered":"<p>Em PVA, seca at\u00e9 10 vezes mais que toalhas e panos comuns, devido a tecnologia de absor\u00e7\u00e3o 3D. Pode ser utilizada para secar todas superf\u00edcies, inclusive as mais delicadas.<\/p>\n<p>Peso: 0,13 Kg<\/p>\n<p>Medidas: (L) 600 mm x (C) 430 mm<\/p>\n","protected":false},"excerpt":{"rendered":"<p>Em PVA, seca at\u00e9 10 vezes mais que toalhas e panos comuns, devido a tecnologia de absor\u00e7\u00e3o 3D. Pode ser utilizada para secar todas superf\u00edcies, inclusive as mais delicadas. Peso: 0,13 Kg Medidas: (L) 600 mm x (C) 430 mm<\/p>\n","protected":false},"featured_media":9960,"comment_status":"open","ping_status":"closed","template":"","meta":{"_exactmetrics_skip_tracking":false,"_exactmetrics_sitenote_active":false,"_exactmetrics_sitenote_note":"","_exactmetrics_sitenote_category":0},"product_brand":[],"product_cat":[60],"product_tag":[],"class_list":{"0":"post-9959","1":"product","2":"type-product","3":"status-publish","4":"has-post-thumbnail","6":"product_cat-equiptos-ppostos-de-abastecimento","8":"first","9":"instock","10":"shipping-taxable","11":"product-type-simple"},"_links":{"self":[{"href":"https:\/\/totallubri.com.br\/index.php?rest_route=\/wp\/v2\/product\/9959","targetHints":{"allow":["GET"]}}],"collection":[{"href":"https:\/\/totallubri.com.br\/index.php?rest_route=\/wp\/v2\/product"}],"about":[{"href":"https:\/\/totallubri.com.br\/index.php?rest_route=\/wp\/v2\/types\/product"}],"replies":[{"embeddable":true,"href":"https:\/\/totallubri.com.br\/index.php?rest_route=%2Fwp%2Fv2%2Fcomments&post=9959"}],"wp:featuredmedia":[{"embeddable":true,"href":"https:\/\/totallubri.com.br\/index.php?rest_route=\/wp\/v2\/media\/9960"}],"wp:attachment":[{"href":"https:\/\/totallubri.com.br\/index.php?rest_route=%2Fwp%2Fv2%2Fmedia&parent=9959"}],"wp:term":[{"taxonomy":"product_brand","embeddable":true,"href":"https:\/\/totallubri.com.br\/index.php?rest_route=%2Fwp%2Fv2%2Fproduct_brand&post=9959"},{"taxonomy":"product_cat","embeddable":true,"href":"https:\/\/totallubri.com.br\/index.php?rest_route=%2Fwp%2Fv2%2Fproduct_cat&post=9959"},{"taxonomy":"product_tag","embeddable":true,"href":"https:\/\/totallubri.com.br\/index.php?rest_route=%2Fwp%2Fv2%2Fproduct_tag&post=9959"}],"curies":[{"name":"wp","href":"https:\/\/api.w.org\/{rel}","templated":true}]}}